{"id":10298,"date":"2024-02-05T15:44:12","date_gmt":"2024-02-05T14:44:12","guid":{"rendered":"https:\/\/villumsenloppefund.dk\/?post_type=product&#038;p=10298"},"modified":"2025-09-09T11:21:17","modified_gmt":"2025-09-09T09:21:17","slug":"damefrisoer-skilt-i-massivt-trae","status":"publish","type":"product","link":"https:\/\/villumsenloppefund.dk\/index.php\/product\/damefrisoer-skilt-i-massivt-trae\/","title":{"rendered":"Damefris\u00f8r skilt i massivt tr\u00e6"},"content":{"rendered":"<p>Gammelt damefris\u00f8r skilt i massivt tr\u00e6.<\/p>\n<p>H 27 cm, B 98 cm, D 3 cm.<\/p>\n<p>Afhentes p\u00e5 N\u00f8rrebro, sendes ikke.<\/p>\n","protected":false},"excerpt":{"rendered":"<p>Gammelt damefris\u00f8r skilt i massivt tr\u00e6. H 27 cm, B 98 cm, D 3 cm. Afhentes p\u00e5 N\u00f8rrebro, sendes ikke.<\/p>\n","protected":false},"featured_media":10297,"template":"","meta":[],"product_brand":[],"product_cat":[115,239],"product_tag":[],"class_list":{"0":"post-10298","1":"product","2":"type-product","3":"status-publish","4":"has-post-thumbnail","6":"product_cat-moebler","7":"product_cat-skilte","9":"first","10":"instock","11":"sold-individually","12":"taxable","13":"shipping-taxable","14":"purchasable","15":"product-type-simple"},"_links":{"self":[{"href":"https:\/\/villumsenloppefund.dk\/index.php\/wp-json\/wp\/v2\/product\/10298","targetHints":{"allow":["GET"]}}],"collection":[{"href":"https:\/\/villumsenloppefund.dk\/index.php\/wp-json\/wp\/v2\/product"}],"about":[{"href":"https:\/\/villumsenloppefund.dk\/index.php\/wp-json\/wp\/v2\/types\/product"}],"wp:featuredmedia":[{"embeddable":true,"href":"https:\/\/villumsenloppefund.dk\/index.php\/wp-json\/wp\/v2\/media\/10297"}],"wp:attachment":[{"href":"https:\/\/villumsenloppefund.dk\/index.php\/wp-json\/wp\/v2\/media?parent=10298"}],"wp:term":[{"taxonomy":"product_brand","embeddable":true,"href":"https:\/\/villumsenloppefund.dk\/index.php\/wp-json\/wp\/v2\/product_brand?post=10298"},{"taxonomy":"product_cat","embeddable":true,"href":"https:\/\/villumsenloppefund.dk\/index.php\/wp-json\/wp\/v2\/product_cat?post=10298"},{"taxonomy":"product_tag","embeddable":true,"href":"https:\/\/villumsenloppefund.dk\/index.php\/wp-json\/wp\/v2\/product_tag?post=10298"}],"curies":[{"name":"wp","href":"https:\/\/api.w.org\/{rel}","templated":true}]}}