{"id":12307,"date":"2024-03-11T13:34:07","date_gmt":"2024-03-11T12:34:07","guid":{"rendered":"https:\/\/villumsenloppefund.dk\/?post_type=product&#038;p=12307"},"modified":"2024-03-11T13:34:31","modified_gmt":"2024-03-11T12:34:31","slug":"havdreng-med-soestjerne","status":"publish","type":"product","link":"https:\/\/villumsenloppefund.dk\/index.php\/product\/havdreng-med-soestjerne\/","title":{"rendered":"Havdreng med s\u00f8stjerne"},"content":{"rendered":"<p>Havdreng med s\u00f8stjerne fra Bing &amp; Gr\u00f8ndahl.<\/p>\n<p>1. sortering.<\/p>\n<p>Nr 2265.<\/p>\n<p>H 11 cm.<\/p>\n<p>Flot og velholdt, uden sk\u00e5r eller lignende.<\/p>\n","protected":false},"excerpt":{"rendered":"<p>Havdreng med s\u00f8stjerne fra Bing &amp; Gr\u00f8ndahl. 1. sortering. Nr 2265. H 11 cm. Flot og velholdt, uden sk\u00e5r eller lignende.<\/p>\n","protected":false},"featured_media":12236,"template":"","meta":[],"product_brand":[],"product_cat":[176,173],"product_tag":[],"class_list":{"0":"post-12307","1":"product","2":"type-product","3":"status-publish","4":"has-post-thumbnail","6":"product_cat-bing-groendahl","7":"product_cat-figurer","8":"product_shipping_class-mellem-pakke","10":"first","11":"instock","12":"sold-individually","13":"taxable","14":"shipping-taxable","15":"purchasable","16":"product-type-simple"},"_links":{"self":[{"href":"https:\/\/villumsenloppefund.dk\/index.php\/wp-json\/wp\/v2\/product\/12307","targetHints":{"allow":["GET"]}}],"collection":[{"href":"https:\/\/villumsenloppefund.dk\/index.php\/wp-json\/wp\/v2\/product"}],"about":[{"href":"https:\/\/villumsenloppefund.dk\/index.php\/wp-json\/wp\/v2\/types\/product"}],"wp:featuredmedia":[{"embeddable":true,"href":"https:\/\/villumsenloppefund.dk\/index.php\/wp-json\/wp\/v2\/media\/12236"}],"wp:attachment":[{"href":"https:\/\/villumsenloppefund.dk\/index.php\/wp-json\/wp\/v2\/media?parent=12307"}],"wp:term":[{"taxonomy":"product_brand","embeddable":true,"href":"https:\/\/villumsenloppefund.dk\/index.php\/wp-json\/wp\/v2\/product_brand?post=12307"},{"taxonomy":"product_cat","embeddable":true,"href":"https:\/\/villumsenloppefund.dk\/index.php\/wp-json\/wp\/v2\/product_cat?post=12307"},{"taxonomy":"product_tag","embeddable":true,"href":"https:\/\/villumsenloppefund.dk\/index.php\/wp-json\/wp\/v2\/product_tag?post=12307"}],"curies":[{"name":"wp","href":"https:\/\/api.w.org\/{rel}","templated":true}]}}