{"id":12712,"date":"2024-03-19T14:01:19","date_gmt":"2024-03-19T13:01:19","guid":{"rendered":"https:\/\/villumsenloppefund.dk\/?post_type=product&#038;p=12712"},"modified":"2024-03-19T14:08:27","modified_gmt":"2024-03-19T13:08:27","slug":"groenland-arkiste-oerkener-2020","status":"publish","type":"product","link":"https:\/\/villumsenloppefund.dk\/index.php\/product\/groenland-arkiste-oerkener-2020\/","title":{"rendered":"Gr\u00f8nland, Arkiste \u00f8rkener, 2020"},"content":{"rendered":"<p>Gr\u00f8nland, Arkiste \u00f8rkener, 2020.<\/p>\n<p>Pose medf\u00f8lger.<\/p>\n<p>Flot og velholdt, altid ligget i pose.<\/p>\n<p>(Kuvert 4).<\/p>\n","protected":false},"excerpt":{"rendered":"<p>Gr\u00f8nland, Arkiste \u00f8rkener, 2020. Pose medf\u00f8lger. Flot og velholdt, altid ligget i pose. (Kuvert 4).<\/p>\n","protected":false},"featured_media":12690,"template":"","meta":[],"product_brand":[],"product_cat":[355,356],"product_tag":[],"class_list":{"0":"post-12712","1":"product","2":"type-product","3":"status-publish","4":"has-post-thumbnail","6":"product_cat-frimaerker","7":"product_cat-frimaerker-frimaerker","8":"product_shipping_class-mellem-pakke","10":"first","11":"instock","12":"sold-individually","13":"taxable","14":"shipping-taxable","15":"purchasable","16":"product-type-simple"},"_links":{"self":[{"href":"https:\/\/villumsenloppefund.dk\/index.php\/wp-json\/wp\/v2\/product\/12712","targetHints":{"allow":["GET"]}}],"collection":[{"href":"https:\/\/villumsenloppefund.dk\/index.php\/wp-json\/wp\/v2\/product"}],"about":[{"href":"https:\/\/villumsenloppefund.dk\/index.php\/wp-json\/wp\/v2\/types\/product"}],"wp:featuredmedia":[{"embeddable":true,"href":"https:\/\/villumsenloppefund.dk\/index.php\/wp-json\/wp\/v2\/media\/12690"}],"wp:attachment":[{"href":"https:\/\/villumsenloppefund.dk\/index.php\/wp-json\/wp\/v2\/media?parent=12712"}],"wp:term":[{"taxonomy":"product_brand","embeddable":true,"href":"https:\/\/villumsenloppefund.dk\/index.php\/wp-json\/wp\/v2\/product_brand?post=12712"},{"taxonomy":"product_cat","embeddable":true,"href":"https:\/\/villumsenloppefund.dk\/index.php\/wp-json\/wp\/v2\/product_cat?post=12712"},{"taxonomy":"product_tag","embeddable":true,"href":"https:\/\/villumsenloppefund.dk\/index.php\/wp-json\/wp\/v2\/product_tag?post=12712"}],"curies":[{"name":"wp","href":"https:\/\/api.w.org\/{rel}","templated":true}]}}