{"id":13475,"date":"2024-03-26T12:50:45","date_gmt":"2024-03-26T11:50:45","guid":{"rendered":"https:\/\/villumsenloppefund.dk\/?post_type=product&#038;p=13475"},"modified":"2024-03-26T12:51:59","modified_gmt":"2024-03-26T11:51:59","slug":"traemaske-af-aeldre-dato-4","status":"publish","type":"product","link":"https:\/\/villumsenloppefund.dk\/index.php\/product\/traemaske-af-aeldre-dato-4\/","title":{"rendered":"Tr\u00e6maske af \u00e6ldre dato"},"content":{"rendered":"<p>Tr\u00e6maske af \u00e6ldre dato.<\/p>\n<p>H 69 cm, B 24 cm.<\/p>\n<p>Flot og velholdt.<\/p>\n<p>Afhentes p\u00e5 N\u00f8rrebro, sendes ikke.<\/p>\n","protected":false},"excerpt":{"rendered":"<p>Tr\u00e6maske af \u00e6ldre dato. H 69 cm, B 24 cm. Flot og velholdt. Afhentes p\u00e5 N\u00f8rrebro, sendes ikke.<\/p>\n","protected":false},"featured_media":13415,"template":"","meta":[],"product_brand":[],"product_cat":[254,124],"product_tag":[],"class_list":{"0":"post-13475","1":"product","2":"type-product","3":"status-publish","4":"has-post-thumbnail","6":"product_cat-masker","7":"product_cat-nips-ting","9":"first","10":"instock","11":"sold-individually","12":"taxable","13":"shipping-taxable","14":"purchasable","15":"product-type-simple"},"_links":{"self":[{"href":"https:\/\/villumsenloppefund.dk\/index.php\/wp-json\/wp\/v2\/product\/13475","targetHints":{"allow":["GET"]}}],"collection":[{"href":"https:\/\/villumsenloppefund.dk\/index.php\/wp-json\/wp\/v2\/product"}],"about":[{"href":"https:\/\/villumsenloppefund.dk\/index.php\/wp-json\/wp\/v2\/types\/product"}],"wp:featuredmedia":[{"embeddable":true,"href":"https:\/\/villumsenloppefund.dk\/index.php\/wp-json\/wp\/v2\/media\/13415"}],"wp:attachment":[{"href":"https:\/\/villumsenloppefund.dk\/index.php\/wp-json\/wp\/v2\/media?parent=13475"}],"wp:term":[{"taxonomy":"product_brand","embeddable":true,"href":"https:\/\/villumsenloppefund.dk\/index.php\/wp-json\/wp\/v2\/product_brand?post=13475"},{"taxonomy":"product_cat","embeddable":true,"href":"https:\/\/villumsenloppefund.dk\/index.php\/wp-json\/wp\/v2\/product_cat?post=13475"},{"taxonomy":"product_tag","embeddable":true,"href":"https:\/\/villumsenloppefund.dk\/index.php\/wp-json\/wp\/v2\/product_tag?post=13475"}],"curies":[{"name":"wp","href":"https:\/\/api.w.org\/{rel}","templated":true}]}}