{"id":14677,"date":"2024-05-08T17:22:22","date_gmt":"2024-05-08T15:22:22","guid":{"rendered":"https:\/\/villumsenloppefund.dk\/?post_type=product&#038;p=14677"},"modified":"2024-05-08T17:22:22","modified_gmt":"2024-05-08T15:22:22","slug":"de-foerste-100-aar-lise-noergaard","status":"publish","type":"product","link":"https:\/\/villumsenloppefund.dk\/index.php\/product\/de-foerste-100-aar-lise-noergaard\/","title":{"rendered":"De f\u00f8rste 100 \u00e5r &#8211; Lise N\u00f8rgaard"},"content":{"rendered":"<p>De f\u00f8rste 100 \u00e5r &#8211; Lise N\u00f8rgaard.<\/p>\n<p>(B\u00f8ger 15)<\/p>\n","protected":false},"excerpt":{"rendered":"<p>De f\u00f8rste 100 \u00e5r &#8211; Lise N\u00f8rgaard. (B\u00f8ger 15)<\/p>\n","protected":false},"featured_media":14619,"template":"","meta":[],"product_brand":[],"product_cat":[228,229],"product_tag":[],"class_list":{"0":"post-14677","1":"product","2":"type-product","3":"status-publish","4":"has-post-thumbnail","6":"product_cat-boeger","7":"product_cat-boeger-boeger","8":"product_shipping_class-mellem-pakke","10":"first","11":"instock","12":"sold-individually","13":"taxable","14":"shipping-taxable","15":"purchasable","16":"product-type-simple"},"_links":{"self":[{"href":"https:\/\/villumsenloppefund.dk\/index.php\/wp-json\/wp\/v2\/product\/14677","targetHints":{"allow":["GET"]}}],"collection":[{"href":"https:\/\/villumsenloppefund.dk\/index.php\/wp-json\/wp\/v2\/product"}],"about":[{"href":"https:\/\/villumsenloppefund.dk\/index.php\/wp-json\/wp\/v2\/types\/product"}],"wp:featuredmedia":[{"embeddable":true,"href":"https:\/\/villumsenloppefund.dk\/index.php\/wp-json\/wp\/v2\/media\/14619"}],"wp:attachment":[{"href":"https:\/\/villumsenloppefund.dk\/index.php\/wp-json\/wp\/v2\/media?parent=14677"}],"wp:term":[{"taxonomy":"product_brand","embeddable":true,"href":"https:\/\/villumsenloppefund.dk\/index.php\/wp-json\/wp\/v2\/product_brand?post=14677"},{"taxonomy":"product_cat","embeddable":true,"href":"https:\/\/villumsenloppefund.dk\/index.php\/wp-json\/wp\/v2\/product_cat?post=14677"},{"taxonomy":"product_tag","embeddable":true,"href":"https:\/\/villumsenloppefund.dk\/index.php\/wp-json\/wp\/v2\/product_tag?post=14677"}],"curies":[{"name":"wp","href":"https:\/\/api.w.org\/{rel}","templated":true}]}}