{"id":14697,"date":"2024-05-08T18:25:29","date_gmt":"2024-05-08T16:25:29","guid":{"rendered":"https:\/\/villumsenloppefund.dk\/?post_type=product&#038;p=14697"},"modified":"2024-05-08T18:25:29","modified_gmt":"2024-05-08T16:25:29","slug":"kaerlighed-og-moerke-isabel-allende","status":"publish","type":"product","link":"https:\/\/villumsenloppefund.dk\/index.php\/product\/kaerlighed-og-moerke-isabel-allende\/","title":{"rendered":"K\u00e6rlighed og m\u00f8rke, Isabel Allende"},"content":{"rendered":"<p>K\u00e6rlighed og m\u00f8rke, Isabel Allende.<\/p>\n<p>(B\u00f8ger 16)<\/p>\n","protected":false},"excerpt":{"rendered":"<p>K\u00e6rlighed og m\u00f8rke, Isabel Allende. (B\u00f8ger 16)<\/p>\n","protected":false},"featured_media":14641,"template":"","meta":[],"product_brand":[],"product_cat":[228,229],"product_tag":[],"class_list":{"0":"post-14697","1":"product","2":"type-product","3":"status-publish","4":"has-post-thumbnail","6":"product_cat-boeger","7":"product_cat-boeger-boeger","8":"product_shipping_class-mellem-pakke","10":"first","11":"instock","12":"sold-individually","13":"taxable","14":"shipping-taxable","15":"purchasable","16":"product-type-simple"},"_links":{"self":[{"href":"https:\/\/villumsenloppefund.dk\/index.php\/wp-json\/wp\/v2\/product\/14697","targetHints":{"allow":["GET"]}}],"collection":[{"href":"https:\/\/villumsenloppefund.dk\/index.php\/wp-json\/wp\/v2\/product"}],"about":[{"href":"https:\/\/villumsenloppefund.dk\/index.php\/wp-json\/wp\/v2\/types\/product"}],"wp:featuredmedia":[{"embeddable":true,"href":"https:\/\/villumsenloppefund.dk\/index.php\/wp-json\/wp\/v2\/media\/14641"}],"wp:attachment":[{"href":"https:\/\/villumsenloppefund.dk\/index.php\/wp-json\/wp\/v2\/media?parent=14697"}],"wp:term":[{"taxonomy":"product_brand","embeddable":true,"href":"https:\/\/villumsenloppefund.dk\/index.php\/wp-json\/wp\/v2\/product_brand?post=14697"},{"taxonomy":"product_cat","embeddable":true,"href":"https:\/\/villumsenloppefund.dk\/index.php\/wp-json\/wp\/v2\/product_cat?post=14697"},{"taxonomy":"product_tag","embeddable":true,"href":"https:\/\/villumsenloppefund.dk\/index.php\/wp-json\/wp\/v2\/product_tag?post=14697"}],"curies":[{"name":"wp","href":"https:\/\/api.w.org\/{rel}","templated":true}]}}