{"id":16211,"date":"2024-05-29T16:20:19","date_gmt":"2024-05-29T14:20:19","guid":{"rendered":"https:\/\/villumsenloppefund.dk\/?post_type=product&#038;p=16211"},"modified":"2024-05-29T16:20:19","modified_gmt":"2024-05-29T14:20:19","slug":"en-skaersommernatsdroem-arne-dahl","status":"publish","type":"product","link":"https:\/\/villumsenloppefund.dk\/index.php\/product\/en-skaersommernatsdroem-arne-dahl\/","title":{"rendered":"En sk\u00e6rsommernatsdr\u00f8m, Arne Dahl"},"content":{"rendered":"<p>En sk\u00e6rsommernatsdr\u00f8m, Arne Dahl.<\/p>\n<p>(Gr\u00e5 kasse 1)<\/p>\n","protected":false},"excerpt":{"rendered":"<p>En sk\u00e6rsommernatsdr\u00f8m, Arne Dahl. (Gr\u00e5 kasse 1)<\/p>\n","protected":false},"featured_media":16136,"template":"","meta":[],"product_brand":[],"product_cat":[228,229],"product_tag":[],"class_list":{"0":"post-16211","1":"product","2":"type-product","3":"status-publish","4":"has-post-thumbnail","6":"product_cat-boeger","7":"product_cat-boeger-boeger","8":"product_shipping_class-mellem-pakke","10":"first","11":"instock","12":"sold-individually","13":"taxable","14":"shipping-taxable","15":"purchasable","16":"product-type-simple"},"_links":{"self":[{"href":"https:\/\/villumsenloppefund.dk\/index.php\/wp-json\/wp\/v2\/product\/16211","targetHints":{"allow":["GET"]}}],"collection":[{"href":"https:\/\/villumsenloppefund.dk\/index.php\/wp-json\/wp\/v2\/product"}],"about":[{"href":"https:\/\/villumsenloppefund.dk\/index.php\/wp-json\/wp\/v2\/types\/product"}],"wp:featuredmedia":[{"embeddable":true,"href":"https:\/\/villumsenloppefund.dk\/index.php\/wp-json\/wp\/v2\/media\/16136"}],"wp:attachment":[{"href":"https:\/\/villumsenloppefund.dk\/index.php\/wp-json\/wp\/v2\/media?parent=16211"}],"wp:term":[{"taxonomy":"product_brand","embeddable":true,"href":"https:\/\/villumsenloppefund.dk\/index.php\/wp-json\/wp\/v2\/product_brand?post=16211"},{"taxonomy":"product_cat","embeddable":true,"href":"https:\/\/villumsenloppefund.dk\/index.php\/wp-json\/wp\/v2\/product_cat?post=16211"},{"taxonomy":"product_tag","embeddable":true,"href":"https:\/\/villumsenloppefund.dk\/index.php\/wp-json\/wp\/v2\/product_tag?post=16211"}],"curies":[{"name":"wp","href":"https:\/\/api.w.org\/{rel}","templated":true}]}}