{"id":18820,"date":"2024-08-28T12:19:44","date_gmt":"2024-08-28T10:19:44","guid":{"rendered":"https:\/\/villumsenloppefund.dk\/?post_type=product&#038;p=18820"},"modified":"2024-08-28T12:19:44","modified_gmt":"2024-08-28T10:19:44","slug":"kop-underkop-fra-blaa-blomst","status":"publish","type":"product","link":"https:\/\/villumsenloppefund.dk\/index.php\/product\/kop-underkop-fra-blaa-blomst\/","title":{"rendered":"Kop\/underkop fra Bl\u00e5 Blomst"},"content":{"rendered":"<p>Kop\/underkop fra Bl\u00e5 Blomst, Royal Copenhagen.<\/p>\n<p>1. sortering.<\/p>\n<p>Nr 10\/8608.<\/p>\n<p>H 6 cm, B 10 cm, D 8,5 cm.<\/p>\n<p>Har 5 s\u00e6t p\u00e5 lager, prisen er stykket. G\u00e5 til varen, for flere billeder.<\/p>\n<p>Flotte og velholdte, uden sk\u00e5r eller lignende.<\/p>\n","protected":false},"excerpt":{"rendered":"<p>Kop\/underkop fra Bl\u00e5 Blomst, Royal Copenhagen. 1. sortering. Nr 10\/8608. H 6 cm, B 10 cm, D 8,5 cm. Har 5 s\u00e6t p\u00e5 lager, prisen er stykket. G\u00e5 til varen, for flere billeder. Flotte og velholdte, uden sk\u00e5r eller lignende.<\/p>\n","protected":false},"featured_media":18781,"template":"","meta":[],"product_brand":[],"product_cat":[207,157],"product_tag":[],"class_list":{"0":"post-18820","1":"product","2":"type-product","3":"status-publish","4":"has-post-thumbnail","6":"product_cat-blaa-blomst-tallerkenstel","7":"product_cat-tallerkenstel","8":"product_shipping_class-mellem-pakke","10":"first","11":"instock","12":"taxable","13":"shipping-taxable","14":"purchasable","15":"product-type-simple"},"_links":{"self":[{"href":"https:\/\/villumsenloppefund.dk\/index.php\/wp-json\/wp\/v2\/product\/18820","targetHints":{"allow":["GET"]}}],"collection":[{"href":"https:\/\/villumsenloppefund.dk\/index.php\/wp-json\/wp\/v2\/product"}],"about":[{"href":"https:\/\/villumsenloppefund.dk\/index.php\/wp-json\/wp\/v2\/types\/product"}],"wp:featuredmedia":[{"embeddable":true,"href":"https:\/\/villumsenloppefund.dk\/index.php\/wp-json\/wp\/v2\/media\/18781"}],"wp:attachment":[{"href":"https:\/\/villumsenloppefund.dk\/index.php\/wp-json\/wp\/v2\/media?parent=18820"}],"wp:term":[{"taxonomy":"product_brand","embeddable":true,"href":"https:\/\/villumsenloppefund.dk\/index.php\/wp-json\/wp\/v2\/product_brand?post=18820"},{"taxonomy":"product_cat","embeddable":true,"href":"https:\/\/villumsenloppefund.dk\/index.php\/wp-json\/wp\/v2\/product_cat?post=18820"},{"taxonomy":"product_tag","embeddable":true,"href":"https:\/\/villumsenloppefund.dk\/index.php\/wp-json\/wp\/v2\/product_tag?post=18820"}],"curies":[{"name":"wp","href":"https:\/\/api.w.org\/{rel}","templated":true}]}}