{"id":18846,"date":"2024-09-03T08:01:36","date_gmt":"2024-09-03T06:01:36","guid":{"rendered":"https:\/\/villumsenloppefund.dk\/?post_type=product&#038;p=18846"},"modified":"2024-09-03T08:02:00","modified_gmt":"2024-09-03T06:02:00","slug":"kaffestel-fra-bucka-nissen","status":"publish","type":"product","link":"https:\/\/villumsenloppefund.dk\/index.php\/product\/kaffestel-fra-bucka-nissen\/","title":{"rendered":"Kaffestel fra Bucka &#038; Nissen"},"content":{"rendered":"<p>Kaffestel med guldkant fra Bucka &amp; Nissen best\u00e5ende af:<\/p>\n<p>7 frokosttallerkener af 20 cm stykket.<\/p>\n<p>4 desserttallerkener af 17 cm stykket.<\/p>\n<p>9 underkopper af 15,5 cm i dia.<\/p>\n<p>5 kopper af H 5,5 cm, Dia 11 cm.<\/p>\n<p>Hele s\u00e6ttet er uden sk\u00e5r eller revner, g\u00e5 til varen, for flere billeder.<\/p>\n<p>S\u00e6lges samlet.<\/p>\n","protected":false},"excerpt":{"rendered":"<p>Kaffestel med guldkant fra Bucka &amp; Nissen best\u00e5ende af: 7 frokosttallerkener af 20 cm stykket. 4 desserttallerkener af 17 cm stykket. 9 underkopper af 15,5 cm i dia. 5 kopper af H 5,5 cm, Dia 11 cm. Hele s\u00e6ttet er uden sk\u00e5r eller revner, g\u00e5 til varen, for flere billeder. S\u00e6lges samlet.<\/p>\n","protected":false},"featured_media":18847,"template":"","meta":[],"product_brand":[],"product_cat":[294,157],"product_tag":[],"class_list":{"0":"post-18846","1":"product","2":"type-product","3":"status-publish","4":"has-post-thumbnail","6":"product_cat-diverse-tallerkenstel","7":"product_cat-tallerkenstel","8":"product_shipping_class-mellem-pakke","10":"first","11":"instock","12":"sold-individually","13":"taxable","14":"shipping-taxable","15":"purchasable","16":"product-type-simple"},"_links":{"self":[{"href":"https:\/\/villumsenloppefund.dk\/index.php\/wp-json\/wp\/v2\/product\/18846","targetHints":{"allow":["GET"]}}],"collection":[{"href":"https:\/\/villumsenloppefund.dk\/index.php\/wp-json\/wp\/v2\/product"}],"about":[{"href":"https:\/\/villumsenloppefund.dk\/index.php\/wp-json\/wp\/v2\/types\/product"}],"wp:featuredmedia":[{"embeddable":true,"href":"https:\/\/villumsenloppefund.dk\/index.php\/wp-json\/wp\/v2\/media\/18847"}],"wp:attachment":[{"href":"https:\/\/villumsenloppefund.dk\/index.php\/wp-json\/wp\/v2\/media?parent=18846"}],"wp:term":[{"taxonomy":"product_brand","embeddable":true,"href":"https:\/\/villumsenloppefund.dk\/index.php\/wp-json\/wp\/v2\/product_brand?post=18846"},{"taxonomy":"product_cat","embeddable":true,"href":"https:\/\/villumsenloppefund.dk\/index.php\/wp-json\/wp\/v2\/product_cat?post=18846"},{"taxonomy":"product_tag","embeddable":true,"href":"https:\/\/villumsenloppefund.dk\/index.php\/wp-json\/wp\/v2\/product_tag?post=18846"}],"curies":[{"name":"wp","href":"https:\/\/api.w.org\/{rel}","templated":true}]}}