{"id":18887,"date":"2024-09-03T08:04:09","date_gmt":"2024-09-03T06:04:09","guid":{"rendered":"https:\/\/villumsenloppefund.dk\/?post_type=product&#038;p=18887"},"modified":"2024-09-03T08:04:40","modified_gmt":"2024-09-03T06:04:40","slug":"just-tallerken","status":"publish","type":"product","link":"https:\/\/villumsenloppefund.dk\/index.php\/product\/just-tallerken\/","title":{"rendered":"Just tallerken i plets\u00f8lv"},"content":{"rendered":"<p>Just tallerken i plets\u00f8lv med graveringer.<\/p>\n<p>Dia 29,5 cm.<\/p>\n<p>Har lidt ridser, g\u00e5 til varen, for flere billeder.<\/p>\n<p>Har 12 styks p\u00e5 lager, prisen er stykket.<\/p>\n","protected":false},"excerpt":{"rendered":"<p>Just tallerken i plets\u00f8lv med graveringer. Dia 29,5 cm. Har lidt ridser, g\u00e5 til varen, for flere billeder. Har 12 styks p\u00e5 lager, prisen er stykket.<\/p>\n","protected":false},"featured_media":18850,"template":"","meta":[],"product_brand":[],"product_cat":[133,291],"product_tag":[],"class_list":{"0":"post-18887","1":"product","2":"type-product","3":"status-publish","4":"has-post-thumbnail","6":"product_cat-bestik","7":"product_cat-pletsoelv","8":"product_shipping_class-mellem-pakke","10":"first","11":"instock","12":"taxable","13":"shipping-taxable","14":"purchasable","15":"product-type-simple"},"_links":{"self":[{"href":"https:\/\/villumsenloppefund.dk\/index.php\/wp-json\/wp\/v2\/product\/18887","targetHints":{"allow":["GET"]}}],"collection":[{"href":"https:\/\/villumsenloppefund.dk\/index.php\/wp-json\/wp\/v2\/product"}],"about":[{"href":"https:\/\/villumsenloppefund.dk\/index.php\/wp-json\/wp\/v2\/types\/product"}],"wp:featuredmedia":[{"embeddable":true,"href":"https:\/\/villumsenloppefund.dk\/index.php\/wp-json\/wp\/v2\/media\/18850"}],"wp:attachment":[{"href":"https:\/\/villumsenloppefund.dk\/index.php\/wp-json\/wp\/v2\/media?parent=18887"}],"wp:term":[{"taxonomy":"product_brand","embeddable":true,"href":"https:\/\/villumsenloppefund.dk\/index.php\/wp-json\/wp\/v2\/product_brand?post=18887"},{"taxonomy":"product_cat","embeddable":true,"href":"https:\/\/villumsenloppefund.dk\/index.php\/wp-json\/wp\/v2\/product_cat?post=18887"},{"taxonomy":"product_tag","embeddable":true,"href":"https:\/\/villumsenloppefund.dk\/index.php\/wp-json\/wp\/v2\/product_tag?post=18887"}],"curies":[{"name":"wp","href":"https:\/\/api.w.org\/{rel}","templated":true}]}}