{"id":18888,"date":"2024-09-03T08:09:13","date_gmt":"2024-09-03T06:09:13","guid":{"rendered":"https:\/\/villumsenloppefund.dk\/?post_type=product&#038;p=18888"},"modified":"2024-09-03T08:09:13","modified_gmt":"2024-09-03T06:09:13","slug":"daekketallerken-med-guldkant","status":"publish","type":"product","link":"https:\/\/villumsenloppefund.dk\/index.php\/product\/daekketallerken-med-guldkant\/","title":{"rendered":"D\u00e6kketallerken med guldkant"},"content":{"rendered":"<p>D\u00e6kketallerken fra Bing &amp; Gr\u00f8ndahl med guldkant.<\/p>\n<p>Nr 248.<\/p>\n<p>1. sortering.<\/p>\n<p>Dia 27 cm.<\/p>\n<p>Har 10 styks p\u00e5 lager, alle flotte og velholdt, uden sk\u00e5r.\u00a0 G\u00e5 til varen, for flere billeder.<\/p>\n<p>Prisen er stykket.<\/p>\n","protected":false},"excerpt":{"rendered":"<p>D\u00e6kketallerken fra Bing &amp; Gr\u00f8ndahl med guldkant. Nr 248. 1. sortering. Dia 27 cm. Har 10 styks p\u00e5 lager, alle flotte og velholdt, uden sk\u00e5r.\u00a0 G\u00e5 til varen, for flere billeder. Prisen er stykket.<\/p>\n","protected":false},"featured_media":18853,"template":"","meta":[],"product_brand":[],"product_cat":[294,157],"product_tag":[],"class_list":{"0":"post-18888","1":"product","2":"type-product","3":"status-publish","4":"has-post-thumbnail","6":"product_cat-diverse-tallerkenstel","7":"product_cat-tallerkenstel","8":"product_shipping_class-mellem-pakke","10":"first","11":"instock","12":"taxable","13":"shipping-taxable","14":"purchasable","15":"product-type-simple"},"_links":{"self":[{"href":"https:\/\/villumsenloppefund.dk\/index.php\/wp-json\/wp\/v2\/product\/18888","targetHints":{"allow":["GET"]}}],"collection":[{"href":"https:\/\/villumsenloppefund.dk\/index.php\/wp-json\/wp\/v2\/product"}],"about":[{"href":"https:\/\/villumsenloppefund.dk\/index.php\/wp-json\/wp\/v2\/types\/product"}],"wp:featuredmedia":[{"embeddable":true,"href":"https:\/\/villumsenloppefund.dk\/index.php\/wp-json\/wp\/v2\/media\/18853"}],"wp:attachment":[{"href":"https:\/\/villumsenloppefund.dk\/index.php\/wp-json\/wp\/v2\/media?parent=18888"}],"wp:term":[{"taxonomy":"product_brand","embeddable":true,"href":"https:\/\/villumsenloppefund.dk\/index.php\/wp-json\/wp\/v2\/product_brand?post=18888"},{"taxonomy":"product_cat","embeddable":true,"href":"https:\/\/villumsenloppefund.dk\/index.php\/wp-json\/wp\/v2\/product_cat?post=18888"},{"taxonomy":"product_tag","embeddable":true,"href":"https:\/\/villumsenloppefund.dk\/index.php\/wp-json\/wp\/v2\/product_tag?post=18888"}],"curies":[{"name":"wp","href":"https:\/\/api.w.org\/{rel}","templated":true}]}}