{"id":18889,"date":"2024-09-03T08:11:47","date_gmt":"2024-09-03T06:11:47","guid":{"rendered":"https:\/\/villumsenloppefund.dk\/?post_type=product&#038;p=18889"},"modified":"2025-02-12T11:22:03","modified_gmt":"2025-02-12T10:22:03","slug":"den-gamle-fisker-fra-skagen","status":"publish","type":"product","link":"https:\/\/villumsenloppefund.dk\/index.php\/product\/den-gamle-fisker-fra-skagen\/","title":{"rendered":"Den gamle fisker fra Skagen"},"content":{"rendered":"<p>Figur fra Bing &amp; Gr\u00f8ndahl, Den gamle fisker fra Skagen.<\/p>\n<p>1. sortering.<\/p>\n<p>Nr 2370.<\/p>\n<p>H 21 cm, B 13 cm.<\/p>\n<p>Flot og velholdt, uden sk\u00e5r eller lignende. G\u00e5 til varen, for flere billeder.<\/p>\n<p>&nbsp;<\/p>\n","protected":false},"excerpt":{"rendered":"<p>Figur fra Bing &amp; Gr\u00f8ndahl, Den gamle fisker fra Skagen. 1. sortering. Nr 2370. H 21 cm, B 13 cm. Flot og velholdt, uden sk\u00e5r eller lignende. G\u00e5 til varen, for flere billeder. &nbsp;<\/p>\n","protected":false},"featured_media":18856,"template":"","meta":[],"product_brand":[],"product_cat":[176,173],"product_tag":[],"class_list":{"0":"post-18889","1":"product","2":"type-product","3":"status-publish","4":"has-post-thumbnail","6":"product_cat-bing-groendahl","7":"product_cat-figurer","8":"product_shipping_class-mellem-pakke","10":"first","11":"instock","12":"sale","13":"sold-individually","14":"taxable","15":"shipping-taxable","16":"purchasable","17":"product-type-simple"},"_links":{"self":[{"href":"https:\/\/villumsenloppefund.dk\/index.php\/wp-json\/wp\/v2\/product\/18889","targetHints":{"allow":["GET"]}}],"collection":[{"href":"https:\/\/villumsenloppefund.dk\/index.php\/wp-json\/wp\/v2\/product"}],"about":[{"href":"https:\/\/villumsenloppefund.dk\/index.php\/wp-json\/wp\/v2\/types\/product"}],"wp:featuredmedia":[{"embeddable":true,"href":"https:\/\/villumsenloppefund.dk\/index.php\/wp-json\/wp\/v2\/media\/18856"}],"wp:attachment":[{"href":"https:\/\/villumsenloppefund.dk\/index.php\/wp-json\/wp\/v2\/media?parent=18889"}],"wp:term":[{"taxonomy":"product_brand","embeddable":true,"href":"https:\/\/villumsenloppefund.dk\/index.php\/wp-json\/wp\/v2\/product_brand?post=18889"},{"taxonomy":"product_cat","embeddable":true,"href":"https:\/\/villumsenloppefund.dk\/index.php\/wp-json\/wp\/v2\/product_cat?post=18889"},{"taxonomy":"product_tag","embeddable":true,"href":"https:\/\/villumsenloppefund.dk\/index.php\/wp-json\/wp\/v2\/product_tag?post=18889"}],"curies":[{"name":"wp","href":"https:\/\/api.w.org\/{rel}","templated":true}]}}