{"id":18890,"date":"2024-09-03T08:15:55","date_gmt":"2024-09-03T06:15:55","guid":{"rendered":"https:\/\/villumsenloppefund.dk\/?post_type=product&#038;p=18890"},"modified":"2024-09-03T08:15:56","modified_gmt":"2024-09-03T06:15:56","slug":"lysestager-fra-arabia-finland","status":"publish","type":"product","link":"https:\/\/villumsenloppefund.dk\/index.php\/product\/lysestager-fra-arabia-finland\/","title":{"rendered":"Lysestager fra Arabia, Finland"},"content":{"rendered":"<p>Lysestager til sm\u00e5 lys fra Arabia, Finland.<\/p>\n<p>H 5,5 cm, Dia 6,5 cm.<\/p>\n<p>S\u00e6lges som s\u00e6t, begge flotte og velholdte, uden sk\u00e5r. G\u00e5 til varen, for flere billeder.<\/p>\n","protected":false},"excerpt":{"rendered":"<p>Lysestager til sm\u00e5 lys fra Arabia, Finland. H 5,5 cm, Dia 6,5 cm. S\u00e6lges som s\u00e6t, begge flotte og velholdte, uden sk\u00e5r. G\u00e5 til varen, for flere billeder.<\/p>\n","protected":false},"featured_media":18859,"template":"","meta":[],"product_brand":[],"product_cat":[327,157],"product_tag":[],"class_list":{"0":"post-18890","1":"product","2":"type-product","3":"status-publish","4":"has-post-thumbnail","6":"product_cat-finske-arabia","7":"product_cat-tallerkenstel","8":"product_shipping_class-mellem-pakke","10":"first","11":"instock","12":"sold-individually","13":"taxable","14":"shipping-taxable","15":"purchasable","16":"product-type-simple"},"_links":{"self":[{"href":"https:\/\/villumsenloppefund.dk\/index.php\/wp-json\/wp\/v2\/product\/18890","targetHints":{"allow":["GET"]}}],"collection":[{"href":"https:\/\/villumsenloppefund.dk\/index.php\/wp-json\/wp\/v2\/product"}],"about":[{"href":"https:\/\/villumsenloppefund.dk\/index.php\/wp-json\/wp\/v2\/types\/product"}],"wp:featuredmedia":[{"embeddable":true,"href":"https:\/\/villumsenloppefund.dk\/index.php\/wp-json\/wp\/v2\/media\/18859"}],"wp:attachment":[{"href":"https:\/\/villumsenloppefund.dk\/index.php\/wp-json\/wp\/v2\/media?parent=18890"}],"wp:term":[{"taxonomy":"product_brand","embeddable":true,"href":"https:\/\/villumsenloppefund.dk\/index.php\/wp-json\/wp\/v2\/product_brand?post=18890"},{"taxonomy":"product_cat","embeddable":true,"href":"https:\/\/villumsenloppefund.dk\/index.php\/wp-json\/wp\/v2\/product_cat?post=18890"},{"taxonomy":"product_tag","embeddable":true,"href":"https:\/\/villumsenloppefund.dk\/index.php\/wp-json\/wp\/v2\/product_tag?post=18890"}],"curies":[{"name":"wp","href":"https:\/\/api.w.org\/{rel}","templated":true}]}}