{"id":18953,"date":"2024-09-03T09:30:53","date_gmt":"2024-09-03T07:30:53","guid":{"rendered":"https:\/\/villumsenloppefund.dk\/?post_type=product&#038;p=18953"},"modified":"2024-09-03T09:30:53","modified_gmt":"2024-09-03T07:30:53","slug":"sovseskaal-fra-bing-groendahl","status":"publish","type":"product","link":"https:\/\/villumsenloppefund.dk\/index.php\/product\/sovseskaal-fra-bing-groendahl\/","title":{"rendered":"Sovsesk\u00e5l fra Bing &#038; Gr\u00f8ndahl"},"content":{"rendered":"<p>Sovsesk\u00e5l fra Bing &amp; gr\u00f8ndahl.<\/p>\n<p>2. sortering, kan umddelbart ikke se \u00e5rsagen.<\/p>\n<p>H 11 cm, B 25 cm, D 16 cm.<\/p>\n<p>Flot og velholdt, uden sk\u00e5r eller lignende.<\/p>\n","protected":false},"excerpt":{"rendered":"<p>Sovsesk\u00e5l fra Bing &amp; gr\u00f8ndahl. 2. sortering, kan umddelbart ikke se \u00e5rsagen. H 11 cm, B 25 cm, D 16 cm. Flot og velholdt, uden sk\u00e5r eller lignende.<\/p>\n","protected":false},"featured_media":18933,"template":"","meta":[],"product_brand":[],"product_cat":[294,157],"product_tag":[],"class_list":{"0":"post-18953","1":"product","2":"type-product","3":"status-publish","4":"has-post-thumbnail","6":"product_cat-diverse-tallerkenstel","7":"product_cat-tallerkenstel","8":"product_shipping_class-mellem-pakke","10":"first","11":"instock","12":"sold-individually","13":"taxable","14":"shipping-taxable","15":"purchasable","16":"product-type-simple"},"_links":{"self":[{"href":"https:\/\/villumsenloppefund.dk\/index.php\/wp-json\/wp\/v2\/product\/18953","targetHints":{"allow":["GET"]}}],"collection":[{"href":"https:\/\/villumsenloppefund.dk\/index.php\/wp-json\/wp\/v2\/product"}],"about":[{"href":"https:\/\/villumsenloppefund.dk\/index.php\/wp-json\/wp\/v2\/types\/product"}],"wp:featuredmedia":[{"embeddable":true,"href":"https:\/\/villumsenloppefund.dk\/index.php\/wp-json\/wp\/v2\/media\/18933"}],"wp:attachment":[{"href":"https:\/\/villumsenloppefund.dk\/index.php\/wp-json\/wp\/v2\/media?parent=18953"}],"wp:term":[{"taxonomy":"product_brand","embeddable":true,"href":"https:\/\/villumsenloppefund.dk\/index.php\/wp-json\/wp\/v2\/product_brand?post=18953"},{"taxonomy":"product_cat","embeddable":true,"href":"https:\/\/villumsenloppefund.dk\/index.php\/wp-json\/wp\/v2\/product_cat?post=18953"},{"taxonomy":"product_tag","embeddable":true,"href":"https:\/\/villumsenloppefund.dk\/index.php\/wp-json\/wp\/v2\/product_tag?post=18953"}],"curies":[{"name":"wp","href":"https:\/\/api.w.org\/{rel}","templated":true}]}}