{"id":18954,"date":"2024-09-03T09:32:47","date_gmt":"2024-09-03T07:32:47","guid":{"rendered":"https:\/\/villumsenloppefund.dk\/?post_type=product&#038;p=18954"},"modified":"2025-08-08T12:40:40","modified_gmt":"2025-08-08T10:40:40","slug":"floedekander-med-prikker","status":"publish","type":"product","link":"https:\/\/villumsenloppefund.dk\/index.php\/product\/floedekander-med-prikker\/","title":{"rendered":"Fl\u00f8dekander med prikker"},"content":{"rendered":"<p>Fl\u00f8dekander med prikker.<\/p>\n<p>H 9 cm, B 13 cm, D 8 cm.<\/p>\n<p>Flotte og velholdte, uden sk\u00e5r eller lignende.<\/p>\n<p>S\u00e6lges som s\u00e6t.<\/p>\n","protected":false},"excerpt":{"rendered":"<p>Fl\u00f8dekander med prikker. H 9 cm, B 13 cm, D 8 cm. Flotte og velholdte, uden sk\u00e5r eller lignende. S\u00e6lges som s\u00e6t.<\/p>\n","protected":false},"featured_media":18936,"template":"","meta":[],"product_brand":[],"product_cat":[538,133],"product_tag":[],"class_list":{"0":"post-18954","1":"product","2":"type-product","3":"status-publish","4":"has-post-thumbnail","6":"product_cat-floedekander","7":"product_cat-bestik","8":"product_shipping_class-mellem-pakke","10":"first","11":"instock","12":"sold-individually","13":"taxable","14":"shipping-taxable","15":"purchasable","16":"product-type-simple"},"_links":{"self":[{"href":"https:\/\/villumsenloppefund.dk\/index.php\/wp-json\/wp\/v2\/product\/18954","targetHints":{"allow":["GET"]}}],"collection":[{"href":"https:\/\/villumsenloppefund.dk\/index.php\/wp-json\/wp\/v2\/product"}],"about":[{"href":"https:\/\/villumsenloppefund.dk\/index.php\/wp-json\/wp\/v2\/types\/product"}],"wp:featuredmedia":[{"embeddable":true,"href":"https:\/\/villumsenloppefund.dk\/index.php\/wp-json\/wp\/v2\/media\/18936"}],"wp:attachment":[{"href":"https:\/\/villumsenloppefund.dk\/index.php\/wp-json\/wp\/v2\/media?parent=18954"}],"wp:term":[{"taxonomy":"product_brand","embeddable":true,"href":"https:\/\/villumsenloppefund.dk\/index.php\/wp-json\/wp\/v2\/product_brand?post=18954"},{"taxonomy":"product_cat","embeddable":true,"href":"https:\/\/villumsenloppefund.dk\/index.php\/wp-json\/wp\/v2\/product_cat?post=18954"},{"taxonomy":"product_tag","embeddable":true,"href":"https:\/\/villumsenloppefund.dk\/index.php\/wp-json\/wp\/v2\/product_tag?post=18954"}],"curies":[{"name":"wp","href":"https:\/\/api.w.org\/{rel}","templated":true}]}}