{"id":2603,"date":"2023-10-10T17:42:35","date_gmt":"2023-10-10T15:42:35","guid":{"rendered":"https:\/\/villumsenloppefund.dk\/?post_type=product&#038;p=2603"},"modified":"2023-12-05T16:41:27","modified_gmt":"2023-12-05T15:41:27","slug":"paaklaedningsdukkerne-synnoeve-og-line","status":"publish","type":"product","link":"https:\/\/villumsenloppefund.dk\/index.php\/product\/paaklaedningsdukkerne-synnoeve-og-line\/","title":{"rendered":"P\u00e5kl\u00e6dningsdukkerne Synn\u00f8ve og Line"},"content":{"rendered":"<p>P\u00e5kl\u00e6dningsdukkerne Synn\u00f8ve og Line i norske bunader.<\/p>\n","protected":false},"excerpt":{"rendered":"<p>P\u00e5kl\u00e6dningsdukkerne Synn\u00f8ve og Line i norske bunader.<\/p>\n","protected":false},"featured_media":2564,"template":"","meta":[],"product_brand":[],"product_cat":[184,180],"product_tag":[],"class_list":{"0":"post-2603","1":"product","2":"type-product","3":"status-publish","4":"has-post-thumbnail","6":"product_cat-mariette-paaklaedningsdukker","7":"product_cat-paaklaedningsdukker-2","8":"product_shipping_class-mellem-pakke","10":"first","11":"instock","12":"sold-individually","13":"taxable","14":"shipping-taxable","15":"purchasable","16":"product-type-simple"},"_links":{"self":[{"href":"https:\/\/villumsenloppefund.dk\/index.php\/wp-json\/wp\/v2\/product\/2603","targetHints":{"allow":["GET"]}}],"collection":[{"href":"https:\/\/villumsenloppefund.dk\/index.php\/wp-json\/wp\/v2\/product"}],"about":[{"href":"https:\/\/villumsenloppefund.dk\/index.php\/wp-json\/wp\/v2\/types\/product"}],"wp:featuredmedia":[{"embeddable":true,"href":"https:\/\/villumsenloppefund.dk\/index.php\/wp-json\/wp\/v2\/media\/2564"}],"wp:attachment":[{"href":"https:\/\/villumsenloppefund.dk\/index.php\/wp-json\/wp\/v2\/media?parent=2603"}],"wp:term":[{"taxonomy":"product_brand","embeddable":true,"href":"https:\/\/villumsenloppefund.dk\/index.php\/wp-json\/wp\/v2\/product_brand?post=2603"},{"taxonomy":"product_cat","embeddable":true,"href":"https:\/\/villumsenloppefund.dk\/index.php\/wp-json\/wp\/v2\/product_cat?post=2603"},{"taxonomy":"product_tag","embeddable":true,"href":"https:\/\/villumsenloppefund.dk\/index.php\/wp-json\/wp\/v2\/product_tag?post=2603"}],"curies":[{"name":"wp","href":"https:\/\/api.w.org\/{rel}","templated":true}]}}