{"id":2611,"date":"2023-10-10T17:55:11","date_gmt":"2023-10-10T15:55:11","guid":{"rendered":"https:\/\/villumsenloppefund.dk\/?post_type=product&#038;p=2611"},"modified":"2023-12-05T16:41:26","modified_gmt":"2023-12-05T15:41:26","slug":"paaklaedningsdukken-emma-med-norske-bunader","status":"publish","type":"product","link":"https:\/\/villumsenloppefund.dk\/index.php\/product\/paaklaedningsdukken-emma-med-norske-bunader\/","title":{"rendered":"P\u00e5kl\u00e6dningsdukken Emma med norske bunader"},"content":{"rendered":"<p>P\u00e5kl\u00e6dningsdukken Emma med norske bunader.<\/p>\n","protected":false},"excerpt":{"rendered":"<p>P\u00e5kl\u00e6dningsdukken Emma med norske bunader.<\/p>\n","protected":false},"featured_media":2585,"template":"","meta":[],"product_brand":[],"product_cat":[184,180],"product_tag":[],"class_list":{"0":"post-2611","1":"product","2":"type-product","3":"status-publish","4":"has-post-thumbnail","6":"product_cat-mariette-paaklaedningsdukker","7":"product_cat-paaklaedningsdukker-2","8":"product_shipping_class-mellem-pakke","10":"first","11":"instock","12":"sold-individually","13":"taxable","14":"shipping-taxable","15":"purchasable","16":"product-type-simple"},"_links":{"self":[{"href":"https:\/\/villumsenloppefund.dk\/index.php\/wp-json\/wp\/v2\/product\/2611","targetHints":{"allow":["GET"]}}],"collection":[{"href":"https:\/\/villumsenloppefund.dk\/index.php\/wp-json\/wp\/v2\/product"}],"about":[{"href":"https:\/\/villumsenloppefund.dk\/index.php\/wp-json\/wp\/v2\/types\/product"}],"wp:featuredmedia":[{"embeddable":true,"href":"https:\/\/villumsenloppefund.dk\/index.php\/wp-json\/wp\/v2\/media\/2585"}],"wp:attachment":[{"href":"https:\/\/villumsenloppefund.dk\/index.php\/wp-json\/wp\/v2\/media?parent=2611"}],"wp:term":[{"taxonomy":"product_brand","embeddable":true,"href":"https:\/\/villumsenloppefund.dk\/index.php\/wp-json\/wp\/v2\/product_brand?post=2611"},{"taxonomy":"product_cat","embeddable":true,"href":"https:\/\/villumsenloppefund.dk\/index.php\/wp-json\/wp\/v2\/product_cat?post=2611"},{"taxonomy":"product_tag","embeddable":true,"href":"https:\/\/villumsenloppefund.dk\/index.php\/wp-json\/wp\/v2\/product_tag?post=2611"}],"curies":[{"name":"wp","href":"https:\/\/api.w.org\/{rel}","templated":true}]}}