{"id":2740,"date":"2023-10-11T18:15:40","date_gmt":"2023-10-11T16:15:40","guid":{"rendered":"https:\/\/villumsenloppefund.dk\/?post_type=product&#038;p=2740"},"modified":"2023-12-05T16:40:25","modified_gmt":"2023-12-05T15:40:25","slug":"diaghilevs-ballets-russes-paaklaedningsdukker","status":"publish","type":"product","link":"https:\/\/villumsenloppefund.dk\/index.php\/product\/diaghilevs-ballets-russes-paaklaedningsdukker\/","title":{"rendered":"Diaghilev&#8217;s Ballets Russes p\u00e5kl\u00e6dningsdukker"},"content":{"rendered":"<p>Diaghilev&#8217;s Ballets Russel p\u00e5kl\u00e6dningsdukker.<\/p>\n","protected":false},"excerpt":{"rendered":"<p>Diaghilev&#8217;s Ballets Russel p\u00e5kl\u00e6dningsdukker.<\/p>\n","protected":false},"featured_media":2633,"template":"","meta":[],"product_brand":[],"product_cat":[180,181],"product_tag":[],"class_list":{"0":"post-2740","1":"product","2":"type-product","3":"status-publish","4":"has-post-thumbnail","6":"product_cat-paaklaedningsdukker-2","7":"product_cat-tom-tierney-paaklaedningsdukker-2","8":"product_shipping_class-mellem-pakke","10":"first","11":"instock","12":"sold-individually","13":"taxable","14":"shipping-taxable","15":"purchasable","16":"product-type-simple"},"_links":{"self":[{"href":"https:\/\/villumsenloppefund.dk\/index.php\/wp-json\/wp\/v2\/product\/2740","targetHints":{"allow":["GET"]}}],"collection":[{"href":"https:\/\/villumsenloppefund.dk\/index.php\/wp-json\/wp\/v2\/product"}],"about":[{"href":"https:\/\/villumsenloppefund.dk\/index.php\/wp-json\/wp\/v2\/types\/product"}],"wp:featuredmedia":[{"embeddable":true,"href":"https:\/\/villumsenloppefund.dk\/index.php\/wp-json\/wp\/v2\/media\/2633"}],"wp:attachment":[{"href":"https:\/\/villumsenloppefund.dk\/index.php\/wp-json\/wp\/v2\/media?parent=2740"}],"wp:term":[{"taxonomy":"product_brand","embeddable":true,"href":"https:\/\/villumsenloppefund.dk\/index.php\/wp-json\/wp\/v2\/product_brand?post=2740"},{"taxonomy":"product_cat","embeddable":true,"href":"https:\/\/villumsenloppefund.dk\/index.php\/wp-json\/wp\/v2\/product_cat?post=2740"},{"taxonomy":"product_tag","embeddable":true,"href":"https:\/\/villumsenloppefund.dk\/index.php\/wp-json\/wp\/v2\/product_tag?post=2740"}],"curies":[{"name":"wp","href":"https:\/\/api.w.org\/{rel}","templated":true}]}}