{"id":2745,"date":"2023-10-11T18:26:04","date_gmt":"2023-10-11T16:26:04","guid":{"rendered":"https:\/\/villumsenloppefund.dk\/?post_type=product&#038;p=2745"},"modified":"2023-12-05T16:40:24","modified_gmt":"2023-12-05T15:40:24","slug":"clark-gable-paaklaedningsdukker","status":"publish","type":"product","link":"https:\/\/villumsenloppefund.dk\/index.php\/product\/clark-gable-paaklaedningsdukker\/","title":{"rendered":"Clark Gable p\u00e5kl\u00e6dningsdukker"},"content":{"rendered":"<p>Clark Gable p\u00e5kl\u00e6dningsdukker.<\/p>\n","protected":false},"excerpt":{"rendered":"<p>Clark Gable p\u00e5kl\u00e6dningsdukker.<\/p>\n","protected":false},"featured_media":2648,"template":"","meta":[],"product_brand":[],"product_cat":[180,181],"product_tag":[],"class_list":{"0":"post-2745","1":"product","2":"type-product","3":"status-publish","4":"has-post-thumbnail","6":"product_cat-paaklaedningsdukker-2","7":"product_cat-tom-tierney-paaklaedningsdukker-2","8":"product_shipping_class-mellem-pakke","10":"first","11":"instock","12":"sold-individually","13":"taxable","14":"shipping-taxable","15":"purchasable","16":"product-type-simple"},"_links":{"self":[{"href":"https:\/\/villumsenloppefund.dk\/index.php\/wp-json\/wp\/v2\/product\/2745","targetHints":{"allow":["GET"]}}],"collection":[{"href":"https:\/\/villumsenloppefund.dk\/index.php\/wp-json\/wp\/v2\/product"}],"about":[{"href":"https:\/\/villumsenloppefund.dk\/index.php\/wp-json\/wp\/v2\/types\/product"}],"wp:featuredmedia":[{"embeddable":true,"href":"https:\/\/villumsenloppefund.dk\/index.php\/wp-json\/wp\/v2\/media\/2648"}],"wp:attachment":[{"href":"https:\/\/villumsenloppefund.dk\/index.php\/wp-json\/wp\/v2\/media?parent=2745"}],"wp:term":[{"taxonomy":"product_brand","embeddable":true,"href":"https:\/\/villumsenloppefund.dk\/index.php\/wp-json\/wp\/v2\/product_brand?post=2745"},{"taxonomy":"product_cat","embeddable":true,"href":"https:\/\/villumsenloppefund.dk\/index.php\/wp-json\/wp\/v2\/product_cat?post=2745"},{"taxonomy":"product_tag","embeddable":true,"href":"https:\/\/villumsenloppefund.dk\/index.php\/wp-json\/wp\/v2\/product_tag?post=2745"}],"curies":[{"name":"wp","href":"https:\/\/api.w.org\/{rel}","templated":true}]}}