{"id":27911,"date":"2024-12-02T11:02:30","date_gmt":"2024-12-02T10:02:30","guid":{"rendered":"https:\/\/villumsenloppefund.dk\/?post_type=product&#038;p=27911"},"modified":"2024-12-02T11:02:31","modified_gmt":"2024-12-02T10:02:31","slug":"holmegaard-skibsglas-oelglas","status":"publish","type":"product","link":"https:\/\/villumsenloppefund.dk\/index.php\/product\/holmegaard-skibsglas-oelglas\/","title":{"rendered":"Holmegaard skibsglas &#8211; \u00d8lglas"},"content":{"rendered":"<p>Holmegaard skibsglas &#8211; \u00d8l glas.<\/p>\n<p>H 13,5 cm, Dia 6,5 cm.<\/p>\n<p>Har 12 styks p\u00e5 lager, prisen er stykket. G\u00e5 til varen, for flere billeder.<\/p>\n","protected":false},"excerpt":{"rendered":"<p>Holmegaard skibsglas &#8211; \u00d8l glas. H 13,5 cm, Dia 6,5 cm. Har 12 styks p\u00e5 lager, prisen er stykket. G\u00e5 til varen, for flere billeder.<\/p>\n","protected":false},"featured_media":27806,"template":"","meta":[],"product_brand":[],"product_cat":[141,132],"product_tag":[],"class_list":{"0":"post-27911","1":"product","2":"type-product","3":"status-publish","4":"has-post-thumbnail","6":"product_cat-blandet-gamle-glas","7":"product_cat-gamle-glas","8":"product_shipping_class-mellem-pakke","10":"first","11":"instock","12":"taxable","13":"shipping-taxable","14":"purchasable","15":"product-type-simple"},"_links":{"self":[{"href":"https:\/\/villumsenloppefund.dk\/index.php\/wp-json\/wp\/v2\/product\/27911","targetHints":{"allow":["GET"]}}],"collection":[{"href":"https:\/\/villumsenloppefund.dk\/index.php\/wp-json\/wp\/v2\/product"}],"about":[{"href":"https:\/\/villumsenloppefund.dk\/index.php\/wp-json\/wp\/v2\/types\/product"}],"wp:featuredmedia":[{"embeddable":true,"href":"https:\/\/villumsenloppefund.dk\/index.php\/wp-json\/wp\/v2\/media\/27806"}],"wp:attachment":[{"href":"https:\/\/villumsenloppefund.dk\/index.php\/wp-json\/wp\/v2\/media?parent=27911"}],"wp:term":[{"taxonomy":"product_brand","embeddable":true,"href":"https:\/\/villumsenloppefund.dk\/index.php\/wp-json\/wp\/v2\/product_brand?post=27911"},{"taxonomy":"product_cat","embeddable":true,"href":"https:\/\/villumsenloppefund.dk\/index.php\/wp-json\/wp\/v2\/product_cat?post=27911"},{"taxonomy":"product_tag","embeddable":true,"href":"https:\/\/villumsenloppefund.dk\/index.php\/wp-json\/wp\/v2\/product_tag?post=27911"}],"curies":[{"name":"wp","href":"https:\/\/api.w.org\/{rel}","templated":true}]}}