{"id":28796,"date":"2024-12-09T18:18:57","date_gmt":"2024-12-09T17:18:57","guid":{"rendered":"https:\/\/villumsenloppefund.dk\/?post_type=product&#038;p=28796"},"modified":"2024-12-09T18:18:57","modified_gmt":"2024-12-09T17:18:57","slug":"den-store-danske-encyklopaedi-7-bind-fram-graesmaaned","status":"publish","type":"product","link":"https:\/\/villumsenloppefund.dk\/index.php\/product\/den-store-danske-encyklopaedi-7-bind-fram-graesmaaned\/","title":{"rendered":"Den store danske encyklop\u00e6di, 7. bind: Fram-gr\u00e6sm\u00e5ned"},"content":{"rendered":"<p>Den store danske encyklop\u00e6di, 7. bind: Fram-gr\u00e6sm\u00e5ned.<\/p>\n<p>(Sort kasse 23)<\/p>\n","protected":false},"excerpt":{"rendered":"<p>Den store danske encyklop\u00e6di, 7. bind: Fram-gr\u00e6sm\u00e5ned. (Sort kasse 23)<\/p>\n","protected":false},"featured_media":28729,"template":"","meta":[],"product_brand":[],"product_cat":[228,229],"product_tag":[],"class_list":{"0":"post-28796","1":"product","2":"type-product","3":"status-publish","4":"has-post-thumbnail","6":"product_cat-boeger","7":"product_cat-boeger-boeger","8":"product_shipping_class-mellem-pakke","10":"first","11":"instock","12":"sold-individually","13":"taxable","14":"shipping-taxable","15":"purchasable","16":"product-type-simple"},"_links":{"self":[{"href":"https:\/\/villumsenloppefund.dk\/index.php\/wp-json\/wp\/v2\/product\/28796","targetHints":{"allow":["GET"]}}],"collection":[{"href":"https:\/\/villumsenloppefund.dk\/index.php\/wp-json\/wp\/v2\/product"}],"about":[{"href":"https:\/\/villumsenloppefund.dk\/index.php\/wp-json\/wp\/v2\/types\/product"}],"wp:featuredmedia":[{"embeddable":true,"href":"https:\/\/villumsenloppefund.dk\/index.php\/wp-json\/wp\/v2\/media\/28729"}],"wp:attachment":[{"href":"https:\/\/villumsenloppefund.dk\/index.php\/wp-json\/wp\/v2\/media?parent=28796"}],"wp:term":[{"taxonomy":"product_brand","embeddable":true,"href":"https:\/\/villumsenloppefund.dk\/index.php\/wp-json\/wp\/v2\/product_brand?post=28796"},{"taxonomy":"product_cat","embeddable":true,"href":"https:\/\/villumsenloppefund.dk\/index.php\/wp-json\/wp\/v2\/product_cat?post=28796"},{"taxonomy":"product_tag","embeddable":true,"href":"https:\/\/villumsenloppefund.dk\/index.php\/wp-json\/wp\/v2\/product_tag?post=28796"}],"curies":[{"name":"wp","href":"https:\/\/api.w.org\/{rel}","templated":true}]}}