{"id":28799,"date":"2024-12-09T18:22:33","date_gmt":"2024-12-09T17:22:33","guid":{"rendered":"https:\/\/villumsenloppefund.dk\/?post_type=product&#038;p=28799"},"modified":"2024-12-09T18:22:33","modified_gmt":"2024-12-09T17:22:33","slug":"koebenhavns-sporveje-foer-og-nu-samle-haefte","status":"publish","type":"product","link":"https:\/\/villumsenloppefund.dk\/index.php\/product\/koebenhavns-sporveje-foer-og-nu-samle-haefte\/","title":{"rendered":"K\u00f8benhavns sporveje f\u00f8r og nu (samle h\u00e6fte)"},"content":{"rendered":"<p>K\u00f8benhavns sporveje f\u00f8r og nu (samle h\u00e6fte)<\/p>\n<p>(Sort kasse 23)<\/p>\n","protected":false},"excerpt":{"rendered":"<p>K\u00f8benhavns sporveje f\u00f8r og nu (samle h\u00e6fte) (Sort kasse 23)<\/p>\n","protected":false},"featured_media":28732,"template":"","meta":[],"product_brand":[],"product_cat":[228,229],"product_tag":[],"class_list":{"0":"post-28799","1":"product","2":"type-product","3":"status-publish","4":"has-post-thumbnail","6":"product_cat-boeger","7":"product_cat-boeger-boeger","8":"product_shipping_class-mellem-pakke","10":"first","11":"instock","12":"sold-individually","13":"taxable","14":"shipping-taxable","15":"purchasable","16":"product-type-simple"},"_links":{"self":[{"href":"https:\/\/villumsenloppefund.dk\/index.php\/wp-json\/wp\/v2\/product\/28799","targetHints":{"allow":["GET"]}}],"collection":[{"href":"https:\/\/villumsenloppefund.dk\/index.php\/wp-json\/wp\/v2\/product"}],"about":[{"href":"https:\/\/villumsenloppefund.dk\/index.php\/wp-json\/wp\/v2\/types\/product"}],"wp:featuredmedia":[{"embeddable":true,"href":"https:\/\/villumsenloppefund.dk\/index.php\/wp-json\/wp\/v2\/media\/28732"}],"wp:attachment":[{"href":"https:\/\/villumsenloppefund.dk\/index.php\/wp-json\/wp\/v2\/media?parent=28799"}],"wp:term":[{"taxonomy":"product_brand","embeddable":true,"href":"https:\/\/villumsenloppefund.dk\/index.php\/wp-json\/wp\/v2\/product_brand?post=28799"},{"taxonomy":"product_cat","embeddable":true,"href":"https:\/\/villumsenloppefund.dk\/index.php\/wp-json\/wp\/v2\/product_cat?post=28799"},{"taxonomy":"product_tag","embeddable":true,"href":"https:\/\/villumsenloppefund.dk\/index.php\/wp-json\/wp\/v2\/product_tag?post=28799"}],"curies":[{"name":"wp","href":"https:\/\/api.w.org\/{rel}","templated":true}]}}