{"id":28837,"date":"2024-12-10T12:05:05","date_gmt":"2024-12-10T11:05:05","guid":{"rendered":"https:\/\/villumsenloppefund.dk\/?post_type=product&#038;p=28837"},"modified":"2024-12-10T12:05:05","modified_gmt":"2024-12-10T11:05:05","slug":"hjerte-laagskaal-i-porcelaen","status":"publish","type":"product","link":"https:\/\/villumsenloppefund.dk\/index.php\/product\/hjerte-laagskaal-i-porcelaen\/","title":{"rendered":"Hjerte l\u00e5gsk\u00e5l i porcel\u00e6n"},"content":{"rendered":"<p>Hjerte l\u00e5gsk\u00e5l i porcel\u00e6n.<\/p>\n<p>H 5 cm, B 8 cm, D 8 cm.<\/p>\n<p>Flot og velholdt, uden sk\u00e5r. G\u00e5 til varen, for flere billeder.<\/p>\n","protected":false},"excerpt":{"rendered":"<p>Hjerte l\u00e5gsk\u00e5l i porcel\u00e6n. H 5 cm, B 8 cm, D 8 cm. Flot og velholdt, uden sk\u00e5r. G\u00e5 til varen, for flere billeder.<\/p>\n","protected":false},"featured_media":28599,"template":"","meta":[],"product_brand":[],"product_cat":[235,136],"product_tag":[],"class_list":{"0":"post-28837","1":"product","2":"type-product","3":"status-publish","4":"has-post-thumbnail","6":"product_cat-laagskaale","7":"product_cat-skaale","8":"product_shipping_class-mellem-pakke","10":"first","11":"instock","12":"sold-individually","13":"taxable","14":"shipping-taxable","15":"purchasable","16":"product-type-simple"},"_links":{"self":[{"href":"https:\/\/villumsenloppefund.dk\/index.php\/wp-json\/wp\/v2\/product\/28837","targetHints":{"allow":["GET"]}}],"collection":[{"href":"https:\/\/villumsenloppefund.dk\/index.php\/wp-json\/wp\/v2\/product"}],"about":[{"href":"https:\/\/villumsenloppefund.dk\/index.php\/wp-json\/wp\/v2\/types\/product"}],"wp:featuredmedia":[{"embeddable":true,"href":"https:\/\/villumsenloppefund.dk\/index.php\/wp-json\/wp\/v2\/media\/28599"}],"wp:attachment":[{"href":"https:\/\/villumsenloppefund.dk\/index.php\/wp-json\/wp\/v2\/media?parent=28837"}],"wp:term":[{"taxonomy":"product_brand","embeddable":true,"href":"https:\/\/villumsenloppefund.dk\/index.php\/wp-json\/wp\/v2\/product_brand?post=28837"},{"taxonomy":"product_cat","embeddable":true,"href":"https:\/\/villumsenloppefund.dk\/index.php\/wp-json\/wp\/v2\/product_cat?post=28837"},{"taxonomy":"product_tag","embeddable":true,"href":"https:\/\/villumsenloppefund.dk\/index.php\/wp-json\/wp\/v2\/product_tag?post=28837"}],"curies":[{"name":"wp","href":"https:\/\/api.w.org\/{rel}","templated":true}]}}