{"id":30258,"date":"2024-12-18T10:15:36","date_gmt":"2024-12-18T09:15:36","guid":{"rendered":"https:\/\/villumsenloppefund.dk\/?post_type=product&#038;p=30258"},"modified":"2024-12-18T10:15:48","modified_gmt":"2024-12-18T09:15:48","slug":"4-styks-fiskegaffel-i-pletsoelv","status":"publish","type":"product","link":"https:\/\/villumsenloppefund.dk\/index.php\/product\/4-styks-fiskegaffel-i-pletsoelv\/","title":{"rendered":"4 styks fiskegaffel i plets\u00f8lv"},"content":{"rendered":"<p>4 styks fiskegaffel i plets\u00f8lv.<\/p>\n<p>L 14 cm.<\/p>\n<p>S\u00e6lges samlet, g\u00e5 til varen, for flere billeder.<\/p>\n<p>(Plets\u00f8lv 3).<\/p>\n","protected":false},"excerpt":{"rendered":"<p>4 styks fiskegaffel i plets\u00f8lv. L 14 cm. S\u00e6lges samlet, g\u00e5 til varen, for flere billeder. (Plets\u00f8lv 3).<\/p>\n","protected":false},"featured_media":29926,"template":"","meta":[],"product_brand":[],"product_cat":[292,133],"product_tag":[],"class_list":{"0":"post-30258","1":"product","2":"type-product","3":"status-publish","4":"has-post-thumbnail","6":"product_cat-diverse-pletsoelv","7":"product_cat-bestik","8":"product_shipping_class-mellem-pakke","10":"first","11":"instock","12":"sold-individually","13":"taxable","14":"shipping-taxable","15":"purchasable","16":"product-type-simple"},"_links":{"self":[{"href":"https:\/\/villumsenloppefund.dk\/index.php\/wp-json\/wp\/v2\/product\/30258","targetHints":{"allow":["GET"]}}],"collection":[{"href":"https:\/\/villumsenloppefund.dk\/index.php\/wp-json\/wp\/v2\/product"}],"about":[{"href":"https:\/\/villumsenloppefund.dk\/index.php\/wp-json\/wp\/v2\/types\/product"}],"wp:featuredmedia":[{"embeddable":true,"href":"https:\/\/villumsenloppefund.dk\/index.php\/wp-json\/wp\/v2\/media\/29926"}],"wp:attachment":[{"href":"https:\/\/villumsenloppefund.dk\/index.php\/wp-json\/wp\/v2\/media?parent=30258"}],"wp:term":[{"taxonomy":"product_brand","embeddable":true,"href":"https:\/\/villumsenloppefund.dk\/index.php\/wp-json\/wp\/v2\/product_brand?post=30258"},{"taxonomy":"product_cat","embeddable":true,"href":"https:\/\/villumsenloppefund.dk\/index.php\/wp-json\/wp\/v2\/product_cat?post=30258"},{"taxonomy":"product_tag","embeddable":true,"href":"https:\/\/villumsenloppefund.dk\/index.php\/wp-json\/wp\/v2\/product_tag?post=30258"}],"curies":[{"name":"wp","href":"https:\/\/api.w.org\/{rel}","templated":true}]}}