{"id":31188,"date":"2025-01-02T18:43:56","date_gmt":"2025-01-02T17:43:56","guid":{"rendered":"https:\/\/villumsenloppefund.dk\/?post_type=product&#038;p=31188"},"modified":"2025-01-02T18:44:08","modified_gmt":"2025-01-02T17:44:08","slug":"to-styks-vintage-skaale-i-blaat-glas","status":"publish","type":"product","link":"https:\/\/villumsenloppefund.dk\/index.php\/product\/to-styks-vintage-skaale-i-blaat-glas\/","title":{"rendered":"To styks vintage sk\u00e5le i bl\u00e5t glas"},"content":{"rendered":"<p>To styks vintage sk\u00e5le i bl\u00e5t glas.<\/p>\n<p>H 6 cm, Dia 6 cm.<\/p>\n<p>Flotte og velholdte, s\u00e6lges samlet. G\u00e5 til varen, for flere billeder.<\/p>\n","protected":false},"excerpt":{"rendered":"<p>To styks vintage sk\u00e5le i bl\u00e5t glas. H 6 cm, Dia 6 cm. Flotte og velholdte, s\u00e6lges samlet. G\u00e5 til varen, for flere billeder.<\/p>\n","protected":false},"featured_media":31138,"template":"","meta":[],"product_brand":[],"product_cat":[144,136],"product_tag":[],"class_list":{"0":"post-31188","1":"product","2":"type-product","3":"status-publish","4":"has-post-thumbnail","6":"product_cat-skaale-skaale","7":"product_cat-skaale","8":"product_shipping_class-mellem-pakke","10":"first","11":"instock","12":"sold-individually","13":"taxable","14":"shipping-taxable","15":"purchasable","16":"product-type-simple"},"_links":{"self":[{"href":"https:\/\/villumsenloppefund.dk\/index.php\/wp-json\/wp\/v2\/product\/31188","targetHints":{"allow":["GET"]}}],"collection":[{"href":"https:\/\/villumsenloppefund.dk\/index.php\/wp-json\/wp\/v2\/product"}],"about":[{"href":"https:\/\/villumsenloppefund.dk\/index.php\/wp-json\/wp\/v2\/types\/product"}],"wp:featuredmedia":[{"embeddable":true,"href":"https:\/\/villumsenloppefund.dk\/index.php\/wp-json\/wp\/v2\/media\/31138"}],"wp:attachment":[{"href":"https:\/\/villumsenloppefund.dk\/index.php\/wp-json\/wp\/v2\/media?parent=31188"}],"wp:term":[{"taxonomy":"product_brand","embeddable":true,"href":"https:\/\/villumsenloppefund.dk\/index.php\/wp-json\/wp\/v2\/product_brand?post=31188"},{"taxonomy":"product_cat","embeddable":true,"href":"https:\/\/villumsenloppefund.dk\/index.php\/wp-json\/wp\/v2\/product_cat?post=31188"},{"taxonomy":"product_tag","embeddable":true,"href":"https:\/\/villumsenloppefund.dk\/index.php\/wp-json\/wp\/v2\/product_tag?post=31188"}],"curies":[{"name":"wp","href":"https:\/\/api.w.org\/{rel}","templated":true}]}}