{"id":31597,"date":"2025-01-08T17:09:29","date_gmt":"2025-01-08T16:09:29","guid":{"rendered":"https:\/\/villumsenloppefund.dk\/?post_type=product&#038;p=31597"},"modified":"2025-01-08T17:09:29","modified_gmt":"2025-01-08T16:09:29","slug":"vintage-aeske-i-kobber","status":"publish","type":"product","link":"https:\/\/villumsenloppefund.dk\/index.php\/product\/vintage-aeske-i-kobber\/","title":{"rendered":"Vintage \u00e6ske i kobber"},"content":{"rendered":"<p>Vintage \u00e6ske i kobber.<\/p>\n<p>H 5 cm, B 20 cm, D 16 cm.<\/p>\n<p>Har en lille bule p\u00e5 kanten, g\u00e5 til varen, for flere billeder.<\/p>\n","protected":false},"excerpt":{"rendered":"<p>Vintage \u00e6ske i kobber. H 5 cm, B 20 cm, D 16 cm. Har en lille bule p\u00e5 kanten, g\u00e5 til varen, for flere billeder.<\/p>\n","protected":false},"featured_media":31494,"template":"","meta":[],"product_brand":[],"product_cat":[152,124],"product_tag":[],"class_list":{"0":"post-31597","1":"product","2":"type-product","3":"status-publish","4":"has-post-thumbnail","6":"product_cat-aesker-nips-ting","7":"product_cat-nips-ting","8":"product_shipping_class-mellem-pakke","10":"first","11":"instock","12":"sold-individually","13":"taxable","14":"shipping-taxable","15":"purchasable","16":"product-type-simple"},"_links":{"self":[{"href":"https:\/\/villumsenloppefund.dk\/index.php\/wp-json\/wp\/v2\/product\/31597","targetHints":{"allow":["GET"]}}],"collection":[{"href":"https:\/\/villumsenloppefund.dk\/index.php\/wp-json\/wp\/v2\/product"}],"about":[{"href":"https:\/\/villumsenloppefund.dk\/index.php\/wp-json\/wp\/v2\/types\/product"}],"wp:featuredmedia":[{"embeddable":true,"href":"https:\/\/villumsenloppefund.dk\/index.php\/wp-json\/wp\/v2\/media\/31494"}],"wp:attachment":[{"href":"https:\/\/villumsenloppefund.dk\/index.php\/wp-json\/wp\/v2\/media?parent=31597"}],"wp:term":[{"taxonomy":"product_brand","embeddable":true,"href":"https:\/\/villumsenloppefund.dk\/index.php\/wp-json\/wp\/v2\/product_brand?post=31597"},{"taxonomy":"product_cat","embeddable":true,"href":"https:\/\/villumsenloppefund.dk\/index.php\/wp-json\/wp\/v2\/product_cat?post=31597"},{"taxonomy":"product_tag","embeddable":true,"href":"https:\/\/villumsenloppefund.dk\/index.php\/wp-json\/wp\/v2\/product_tag?post=31597"}],"curies":[{"name":"wp","href":"https:\/\/api.w.org\/{rel}","templated":true}]}}