{"id":32624,"date":"2025-01-16T10:24:09","date_gmt":"2025-01-16T09:24:09","guid":{"rendered":"https:\/\/villumsenloppefund.dk\/?post_type=product&#038;p=32624"},"modified":"2025-01-16T10:24:09","modified_gmt":"2025-01-16T09:24:09","slug":"salt-peber-saet-i-teaktrae-og-porcelaen","status":"publish","type":"product","link":"https:\/\/villumsenloppefund.dk\/index.php\/product\/salt-peber-saet-i-teaktrae-og-porcelaen\/","title":{"rendered":"Salt\/peber s\u00e6t i teaktr\u00e6 og porcel\u00e6n"},"content":{"rendered":"<p>Salt\/peber s\u00e6t i teaktr\u00e6 og porcel\u00e6n.<\/p>\n<p>H 17 cm, B 11 cm.<\/p>\n<p>Flot og velholdt, g\u00e5 til varen, for flere billeder.<\/p>\n","protected":false},"excerpt":{"rendered":"<p>Salt\/peber s\u00e6t i teaktr\u00e6 og porcel\u00e6n. H 17 cm, B 11 cm. Flot og velholdt, g\u00e5 til varen, for flere billeder.<\/p>\n","protected":false},"featured_media":32540,"template":"","meta":[],"product_brand":[],"product_cat":[133,345],"product_tag":[],"class_list":{"0":"post-32624","1":"product","2":"type-product","3":"status-publish","4":"has-post-thumbnail","6":"product_cat-bestik","7":"product_cat-salt-peber-kvaerne","8":"product_shipping_class-mellem-pakke","10":"first","11":"instock","12":"sold-individually","13":"taxable","14":"shipping-taxable","15":"purchasable","16":"product-type-simple"},"_links":{"self":[{"href":"https:\/\/villumsenloppefund.dk\/index.php\/wp-json\/wp\/v2\/product\/32624","targetHints":{"allow":["GET"]}}],"collection":[{"href":"https:\/\/villumsenloppefund.dk\/index.php\/wp-json\/wp\/v2\/product"}],"about":[{"href":"https:\/\/villumsenloppefund.dk\/index.php\/wp-json\/wp\/v2\/types\/product"}],"wp:featuredmedia":[{"embeddable":true,"href":"https:\/\/villumsenloppefund.dk\/index.php\/wp-json\/wp\/v2\/media\/32540"}],"wp:attachment":[{"href":"https:\/\/villumsenloppefund.dk\/index.php\/wp-json\/wp\/v2\/media?parent=32624"}],"wp:term":[{"taxonomy":"product_brand","embeddable":true,"href":"https:\/\/villumsenloppefund.dk\/index.php\/wp-json\/wp\/v2\/product_brand?post=32624"},{"taxonomy":"product_cat","embeddable":true,"href":"https:\/\/villumsenloppefund.dk\/index.php\/wp-json\/wp\/v2\/product_cat?post=32624"},{"taxonomy":"product_tag","embeddable":true,"href":"https:\/\/villumsenloppefund.dk\/index.php\/wp-json\/wp\/v2\/product_tag?post=32624"}],"curies":[{"name":"wp","href":"https:\/\/api.w.org\/{rel}","templated":true}]}}