{"id":35430,"date":"2025-02-06T15:01:24","date_gmt":"2025-02-06T14:01:24","guid":{"rendered":"https:\/\/villumsenloppefund.dk\/?post_type=product&#038;p=35430"},"modified":"2025-02-06T15:01:24","modified_gmt":"2025-02-06T14:01:24","slug":"optraekker-saet-i-kasse","status":"publish","type":"product","link":"https:\/\/villumsenloppefund.dk\/index.php\/product\/optraekker-saet-i-kasse\/","title":{"rendered":"Optr\u00e6kker s\u00e6t i kasse"},"content":{"rendered":"<p>Optr\u00e6kker s\u00e6t i kasse.<\/p>\n<p>St\u00f8rrelsen p\u00e5 kassen: H 5 cm, B 22,5 cm, D 13 cm.<\/p>\n<p>Flot og velholdt, g\u00e5 til varen, for flere billeder.<\/p>\n","protected":false},"excerpt":{"rendered":"<p>Optr\u00e6kker s\u00e6t i kasse. St\u00f8rrelsen p\u00e5 kassen: H 5 cm, B 22,5 cm, D 13 cm. Flot og velholdt, g\u00e5 til varen, for flere billeder.<\/p>\n","protected":false},"featured_media":35243,"template":"","meta":[],"product_brand":[],"product_cat":[124,138],"product_tag":[],"class_list":{"0":"post-35430","1":"product","2":"type-product","3":"status-publish","4":"has-post-thumbnail","6":"product_cat-nips-ting","7":"product_cat-nips-ting-nips-ting","8":"product_shipping_class-mellem-pakke","10":"first","11":"instock","12":"sold-individually","13":"taxable","14":"shipping-taxable","15":"purchasable","16":"product-type-simple"},"_links":{"self":[{"href":"https:\/\/villumsenloppefund.dk\/index.php\/wp-json\/wp\/v2\/product\/35430","targetHints":{"allow":["GET"]}}],"collection":[{"href":"https:\/\/villumsenloppefund.dk\/index.php\/wp-json\/wp\/v2\/product"}],"about":[{"href":"https:\/\/villumsenloppefund.dk\/index.php\/wp-json\/wp\/v2\/types\/product"}],"wp:featuredmedia":[{"embeddable":true,"href":"https:\/\/villumsenloppefund.dk\/index.php\/wp-json\/wp\/v2\/media\/35243"}],"wp:attachment":[{"href":"https:\/\/villumsenloppefund.dk\/index.php\/wp-json\/wp\/v2\/media?parent=35430"}],"wp:term":[{"taxonomy":"product_brand","embeddable":true,"href":"https:\/\/villumsenloppefund.dk\/index.php\/wp-json\/wp\/v2\/product_brand?post=35430"},{"taxonomy":"product_cat","embeddable":true,"href":"https:\/\/villumsenloppefund.dk\/index.php\/wp-json\/wp\/v2\/product_cat?post=35430"},{"taxonomy":"product_tag","embeddable":true,"href":"https:\/\/villumsenloppefund.dk\/index.php\/wp-json\/wp\/v2\/product_tag?post=35430"}],"curies":[{"name":"wp","href":"https:\/\/api.w.org\/{rel}","templated":true}]}}