{"id":35918,"date":"2025-02-10T14:52:31","date_gmt":"2025-02-10T13:52:31","guid":{"rendered":"https:\/\/villumsenloppefund.dk\/?post_type=product&#038;p=35918"},"modified":"2025-02-10T14:52:31","modified_gmt":"2025-02-10T13:52:31","slug":"alderney-guernsey-jersey-faeroeerne-og-groenland-frimaerker","status":"publish","type":"product","link":"https:\/\/villumsenloppefund.dk\/index.php\/product\/alderney-guernsey-jersey-faeroeerne-og-groenland-frimaerker\/","title":{"rendered":"Alderney, Guernsey, Jersey, F\u00e6r\u00f8erne og Gr\u00f8nland frim\u00e6rker"},"content":{"rendered":"<p>Alderney, Guernsey, Jersey, F\u00e6r\u00f8erne og Gr\u00f8nland frim\u00e6rker.<\/p>\n<p>G\u00e5 til varen for flere billeder.<\/p>\n<p>(Nr. 21)<\/p>\n","protected":false},"excerpt":{"rendered":"<p>Alderney, Guernsey, Jersey, F\u00e6r\u00f8erne og Gr\u00f8nland frim\u00e6rker. G\u00e5 til varen for flere billeder. (Nr. 21)<\/p>\n","protected":false},"featured_media":35871,"template":"","meta":[],"product_brand":[],"product_cat":[355,356],"product_tag":[],"class_list":{"0":"post-35918","1":"product","2":"type-product","3":"status-publish","4":"has-post-thumbnail","6":"product_cat-frimaerker","7":"product_cat-frimaerker-frimaerker","8":"product_shipping_class-mellem-pakke","10":"first","11":"instock","12":"sold-individually","13":"taxable","14":"shipping-taxable","15":"purchasable","16":"product-type-simple"},"_links":{"self":[{"href":"https:\/\/villumsenloppefund.dk\/index.php\/wp-json\/wp\/v2\/product\/35918","targetHints":{"allow":["GET"]}}],"collection":[{"href":"https:\/\/villumsenloppefund.dk\/index.php\/wp-json\/wp\/v2\/product"}],"about":[{"href":"https:\/\/villumsenloppefund.dk\/index.php\/wp-json\/wp\/v2\/types\/product"}],"wp:featuredmedia":[{"embeddable":true,"href":"https:\/\/villumsenloppefund.dk\/index.php\/wp-json\/wp\/v2\/media\/35871"}],"wp:attachment":[{"href":"https:\/\/villumsenloppefund.dk\/index.php\/wp-json\/wp\/v2\/media?parent=35918"}],"wp:term":[{"taxonomy":"product_brand","embeddable":true,"href":"https:\/\/villumsenloppefund.dk\/index.php\/wp-json\/wp\/v2\/product_brand?post=35918"},{"taxonomy":"product_cat","embeddable":true,"href":"https:\/\/villumsenloppefund.dk\/index.php\/wp-json\/wp\/v2\/product_cat?post=35918"},{"taxonomy":"product_tag","embeddable":true,"href":"https:\/\/villumsenloppefund.dk\/index.php\/wp-json\/wp\/v2\/product_tag?post=35918"}],"curies":[{"name":"wp","href":"https:\/\/api.w.org\/{rel}","templated":true}]}}