{"id":37173,"date":"2025-02-20T11:52:49","date_gmt":"2025-02-20T10:52:49","guid":{"rendered":"https:\/\/villumsenloppefund.dk\/?post_type=product&#038;p=37173"},"modified":"2025-02-20T11:53:12","modified_gmt":"2025-02-20T10:53:12","slug":"ugle-i-stentoej-gunnar-westmann","status":"publish","type":"product","link":"https:\/\/villumsenloppefund.dk\/index.php\/product\/ugle-i-stentoej-gunnar-westmann\/","title":{"rendered":"Ugle i stent\u00f8j, Gunnar Westmann"},"content":{"rendered":"<p>Ugle i stent\u00f8j, signeret Gunnar Westmann, fra Bing &amp; Gr\u00f8ndahl.<\/p>\n<p>H 24 cm, B 22 cm.<\/p>\n<p>1. sortering.<\/p>\n<p>Flot og velholdt, uden sk\u00e5r eller lignende. G\u00e5 til varen, for flere billeder.<\/p>\n","protected":false},"excerpt":{"rendered":"<p>Ugle i stent\u00f8j, signeret Gunnar Westmann, fra Bing &amp; Gr\u00f8ndahl. H 24 cm, B 22 cm. 1. sortering. Flot og velholdt, uden sk\u00e5r eller lignende. G\u00e5 til varen, for flere billeder.<\/p>\n","protected":false},"featured_media":37145,"template":"","meta":[],"product_brand":[],"product_cat":[176,173],"product_tag":[],"class_list":{"0":"post-37173","1":"product","2":"type-product","3":"status-publish","4":"has-post-thumbnail","6":"product_cat-bing-groendahl","7":"product_cat-figurer","8":"product_shipping_class-mellem-pakke","10":"first","11":"instock","12":"sold-individually","13":"taxable","14":"shipping-taxable","15":"purchasable","16":"product-type-simple"},"_links":{"self":[{"href":"https:\/\/villumsenloppefund.dk\/index.php\/wp-json\/wp\/v2\/product\/37173","targetHints":{"allow":["GET"]}}],"collection":[{"href":"https:\/\/villumsenloppefund.dk\/index.php\/wp-json\/wp\/v2\/product"}],"about":[{"href":"https:\/\/villumsenloppefund.dk\/index.php\/wp-json\/wp\/v2\/types\/product"}],"wp:featuredmedia":[{"embeddable":true,"href":"https:\/\/villumsenloppefund.dk\/index.php\/wp-json\/wp\/v2\/media\/37145"}],"wp:attachment":[{"href":"https:\/\/villumsenloppefund.dk\/index.php\/wp-json\/wp\/v2\/media?parent=37173"}],"wp:term":[{"taxonomy":"product_brand","embeddable":true,"href":"https:\/\/villumsenloppefund.dk\/index.php\/wp-json\/wp\/v2\/product_brand?post=37173"},{"taxonomy":"product_cat","embeddable":true,"href":"https:\/\/villumsenloppefund.dk\/index.php\/wp-json\/wp\/v2\/product_cat?post=37173"},{"taxonomy":"product_tag","embeddable":true,"href":"https:\/\/villumsenloppefund.dk\/index.php\/wp-json\/wp\/v2\/product_tag?post=37173"}],"curies":[{"name":"wp","href":"https:\/\/api.w.org\/{rel}","templated":true}]}}