{"id":3939,"date":"2023-11-10T10:36:45","date_gmt":"2023-11-10T09:36:45","guid":{"rendered":"https:\/\/villumsenloppefund.dk\/?post_type=product&#038;p=3939"},"modified":"2025-02-14T09:23:11","modified_gmt":"2025-02-14T08:23:11","slug":"draebt-paa-stedet","status":"publish","type":"product","link":"https:\/\/villumsenloppefund.dk\/index.php\/product\/draebt-paa-stedet\/","title":{"rendered":"Dr\u00e6bt p\u00e5 stedet"},"content":{"rendered":"<p>Dr\u00e6bt p\u00e5 stedet.<\/p>\n<p>Forlag: Faktum.<\/p>\n<p>Forfatter: Niels Martinov.<\/p>\n<p>Fin, brugt stand.<\/p>\n","protected":false},"excerpt":{"rendered":"<p>Dr\u00e6bt p\u00e5 stedet. Forlag: Faktum. Forfatter: Niels Martinov. Fin, brugt stand.<\/p>\n","protected":false},"featured_media":3769,"template":"","meta":[],"product_brand":[],"product_cat":[228,229],"product_tag":[],"class_list":{"0":"post-3939","1":"product","2":"type-product","3":"status-publish","4":"has-post-thumbnail","6":"product_cat-boeger","7":"product_cat-boeger-boeger","8":"product_shipping_class-mellem-pakke","10":"first","11":"instock","12":"sold-individually","13":"taxable","14":"shipping-taxable","15":"purchasable","16":"product-type-simple"},"_links":{"self":[{"href":"https:\/\/villumsenloppefund.dk\/index.php\/wp-json\/wp\/v2\/product\/3939","targetHints":{"allow":["GET"]}}],"collection":[{"href":"https:\/\/villumsenloppefund.dk\/index.php\/wp-json\/wp\/v2\/product"}],"about":[{"href":"https:\/\/villumsenloppefund.dk\/index.php\/wp-json\/wp\/v2\/types\/product"}],"wp:featuredmedia":[{"embeddable":true,"href":"https:\/\/villumsenloppefund.dk\/index.php\/wp-json\/wp\/v2\/media\/3769"}],"wp:attachment":[{"href":"https:\/\/villumsenloppefund.dk\/index.php\/wp-json\/wp\/v2\/media?parent=3939"}],"wp:term":[{"taxonomy":"product_brand","embeddable":true,"href":"https:\/\/villumsenloppefund.dk\/index.php\/wp-json\/wp\/v2\/product_brand?post=3939"},{"taxonomy":"product_cat","embeddable":true,"href":"https:\/\/villumsenloppefund.dk\/index.php\/wp-json\/wp\/v2\/product_cat?post=3939"},{"taxonomy":"product_tag","embeddable":true,"href":"https:\/\/villumsenloppefund.dk\/index.php\/wp-json\/wp\/v2\/product_tag?post=3939"}],"curies":[{"name":"wp","href":"https:\/\/api.w.org\/{rel}","templated":true}]}}