{"id":39407,"date":"2025-03-27T18:02:48","date_gmt":"2025-03-27T17:02:48","guid":{"rendered":"https:\/\/villumsenloppefund.dk\/?post_type=product&#038;p=39407"},"modified":"2025-03-27T18:02:48","modified_gmt":"2025-03-27T17:02:48","slug":"bornholmsk-keramik-skaal","status":"publish","type":"product","link":"https:\/\/villumsenloppefund.dk\/index.php\/product\/bornholmsk-keramik-skaal\/","title":{"rendered":"Bornholmsk keramik sk\u00e5l"},"content":{"rendered":"<p>Bornholmsk keramik sk\u00e5l.<\/p>\n<p>H 10 cm, Dia 19 cm.<\/p>\n<p>Flot og velholdt, uden sk\u00e5r. G\u00e5 til varen, for flere billeder.<\/p>\n<p>(Reol 3).<\/p>\n","protected":false},"excerpt":{"rendered":"<p>Bornholmsk keramik sk\u00e5l. H 10 cm, Dia 19 cm. Flot og velholdt, uden sk\u00e5r. G\u00e5 til varen, for flere billeder. (Reol 3).<\/p>\n","protected":false},"featured_media":39346,"template":"","meta":[],"product_brand":[],"product_cat":[144,136],"product_tag":[],"class_list":{"0":"post-39407","1":"product","2":"type-product","3":"status-publish","4":"has-post-thumbnail","6":"product_cat-skaale-skaale","7":"product_cat-skaale","8":"product_shipping_class-mellem-pakke","10":"first","11":"instock","12":"sold-individually","13":"taxable","14":"shipping-taxable","15":"purchasable","16":"product-type-simple"},"_links":{"self":[{"href":"https:\/\/villumsenloppefund.dk\/index.php\/wp-json\/wp\/v2\/product\/39407","targetHints":{"allow":["GET"]}}],"collection":[{"href":"https:\/\/villumsenloppefund.dk\/index.php\/wp-json\/wp\/v2\/product"}],"about":[{"href":"https:\/\/villumsenloppefund.dk\/index.php\/wp-json\/wp\/v2\/types\/product"}],"wp:featuredmedia":[{"embeddable":true,"href":"https:\/\/villumsenloppefund.dk\/index.php\/wp-json\/wp\/v2\/media\/39346"}],"wp:attachment":[{"href":"https:\/\/villumsenloppefund.dk\/index.php\/wp-json\/wp\/v2\/media?parent=39407"}],"wp:term":[{"taxonomy":"product_brand","embeddable":true,"href":"https:\/\/villumsenloppefund.dk\/index.php\/wp-json\/wp\/v2\/product_brand?post=39407"},{"taxonomy":"product_cat","embeddable":true,"href":"https:\/\/villumsenloppefund.dk\/index.php\/wp-json\/wp\/v2\/product_cat?post=39407"},{"taxonomy":"product_tag","embeddable":true,"href":"https:\/\/villumsenloppefund.dk\/index.php\/wp-json\/wp\/v2\/product_tag?post=39407"}],"curies":[{"name":"wp","href":"https:\/\/api.w.org\/{rel}","templated":true}]}}