{"id":4232,"date":"2023-11-16T16:57:32","date_gmt":"2023-11-16T15:57:32","guid":{"rendered":"https:\/\/villumsenloppefund.dk\/?post_type=product&#038;p=4232"},"modified":"2025-08-07T17:39:26","modified_gmt":"2025-08-07T15:39:26","slug":"noeddeknaekker-fra-stelton","status":"publish","type":"product","link":"https:\/\/villumsenloppefund.dk\/index.php\/product\/noeddeknaekker-fra-stelton\/","title":{"rendered":"N\u00f8ddekn\u00e6kker fra Stelton"},"content":{"rendered":"<p>N\u00f8ddekn\u00e6kker fra Stelton.<\/p>\n<p>Har en ridse, se billede.<\/p>\n<p>&nbsp;<\/p>\n","protected":false},"excerpt":{"rendered":"<p>N\u00f8ddekn\u00e6kker fra Stelton. Har en ridse, se billede. &nbsp;<\/p>\n","protected":false},"featured_media":4127,"template":"","meta":[],"product_brand":[],"product_cat":[133,634],"product_tag":[],"class_list":{"0":"post-4232","1":"product","2":"type-product","3":"status-publish","4":"has-post-thumbnail","6":"product_cat-bestik","7":"product_cat-noeddeknaekker-bestik","8":"product_shipping_class-mellem-pakke","10":"first","11":"instock","12":"sold-individually","13":"taxable","14":"shipping-taxable","15":"purchasable","16":"product-type-simple"},"_links":{"self":[{"href":"https:\/\/villumsenloppefund.dk\/index.php\/wp-json\/wp\/v2\/product\/4232","targetHints":{"allow":["GET"]}}],"collection":[{"href":"https:\/\/villumsenloppefund.dk\/index.php\/wp-json\/wp\/v2\/product"}],"about":[{"href":"https:\/\/villumsenloppefund.dk\/index.php\/wp-json\/wp\/v2\/types\/product"}],"wp:featuredmedia":[{"embeddable":true,"href":"https:\/\/villumsenloppefund.dk\/index.php\/wp-json\/wp\/v2\/media\/4127"}],"wp:attachment":[{"href":"https:\/\/villumsenloppefund.dk\/index.php\/wp-json\/wp\/v2\/media?parent=4232"}],"wp:term":[{"taxonomy":"product_brand","embeddable":true,"href":"https:\/\/villumsenloppefund.dk\/index.php\/wp-json\/wp\/v2\/product_brand?post=4232"},{"taxonomy":"product_cat","embeddable":true,"href":"https:\/\/villumsenloppefund.dk\/index.php\/wp-json\/wp\/v2\/product_cat?post=4232"},{"taxonomy":"product_tag","embeddable":true,"href":"https:\/\/villumsenloppefund.dk\/index.php\/wp-json\/wp\/v2\/product_tag?post=4232"}],"curies":[{"name":"wp","href":"https:\/\/api.w.org\/{rel}","templated":true}]}}