{"id":46879,"date":"2025-07-04T19:25:46","date_gmt":"2025-07-04T17:25:46","guid":{"rendered":"https:\/\/villumsenloppefund.dk\/?post_type=product&#038;p=46879"},"modified":"2025-07-04T19:28:50","modified_gmt":"2025-07-04T17:28:50","slug":"rund-skaal-i-trae-2","status":"publish","type":"product","link":"https:\/\/villumsenloppefund.dk\/index.php\/product\/rund-skaal-i-trae-2\/","title":{"rendered":"Rund sk\u00e5l i tr\u00e6"},"content":{"rendered":"<p>Rund sk\u00e5l i tr\u00e6.<\/p>\n<p>H 5,5 cm, Dia 18,5 cm.<\/p>\n<p>Flot og velholdt, g\u00e5 til varen, for flere billeder.<\/p>\n<p>(Reol 2).<\/p>\n","protected":false},"excerpt":{"rendered":"<p>Rund sk\u00e5l i tr\u00e6. H 5,5 cm, Dia 18,5 cm. Flot og velholdt, g\u00e5 til varen, for flere billeder. (Reol 2).<\/p>\n","protected":false},"featured_media":46780,"template":"","meta":[],"product_brand":[],"product_cat":[144,616,136],"product_tag":[],"class_list":{"0":"post-46879","1":"product","2":"type-product","3":"status-publish","4":"has-post-thumbnail","6":"product_cat-skaale-skaale","7":"product_cat-skaale-i-trae","8":"product_cat-skaale","9":"product_shipping_class-mellem-pakke","11":"first","12":"instock","13":"sold-individually","14":"taxable","15":"shipping-taxable","16":"purchasable","17":"product-type-simple"},"_links":{"self":[{"href":"https:\/\/villumsenloppefund.dk\/index.php\/wp-json\/wp\/v2\/product\/46879","targetHints":{"allow":["GET"]}}],"collection":[{"href":"https:\/\/villumsenloppefund.dk\/index.php\/wp-json\/wp\/v2\/product"}],"about":[{"href":"https:\/\/villumsenloppefund.dk\/index.php\/wp-json\/wp\/v2\/types\/product"}],"wp:featuredmedia":[{"embeddable":true,"href":"https:\/\/villumsenloppefund.dk\/index.php\/wp-json\/wp\/v2\/media\/46780"}],"wp:attachment":[{"href":"https:\/\/villumsenloppefund.dk\/index.php\/wp-json\/wp\/v2\/media?parent=46879"}],"wp:term":[{"taxonomy":"product_brand","embeddable":true,"href":"https:\/\/villumsenloppefund.dk\/index.php\/wp-json\/wp\/v2\/product_brand?post=46879"},{"taxonomy":"product_cat","embeddable":true,"href":"https:\/\/villumsenloppefund.dk\/index.php\/wp-json\/wp\/v2\/product_cat?post=46879"},{"taxonomy":"product_tag","embeddable":true,"href":"https:\/\/villumsenloppefund.dk\/index.php\/wp-json\/wp\/v2\/product_tag?post=46879"}],"curies":[{"name":"wp","href":"https:\/\/api.w.org\/{rel}","templated":true}]}}