{"id":47829,"date":"2025-08-08T11:21:28","date_gmt":"2025-08-08T09:21:28","guid":{"rendered":"https:\/\/villumsenloppefund.dk\/?post_type=product&#038;p=47829"},"modified":"2025-08-08T11:30:38","modified_gmt":"2025-08-08T09:30:38","slug":"vintage-kande-i-blaat-glas-2","status":"publish","type":"product","link":"https:\/\/villumsenloppefund.dk\/index.php\/product\/vintage-kande-i-blaat-glas-2\/","title":{"rendered":"Vintage kande i bl\u00e5t glas"},"content":{"rendered":"<p>Vintage kande i bl\u00e5t glas.<\/p>\n<p>H 9 cm, B 8 cm, D 6,5 cm.<\/p>\n<p>Flot og velholdt, uden sk\u00e5r. G\u00e5 til varen, for flere billeder.<\/p>\n<p>(Reol 4).<\/p>\n","protected":false},"excerpt":{"rendered":"<p>Vintage kande i bl\u00e5t glas. H 9 cm, B 8 cm, D 6,5 cm. Flot og velholdt, uden sk\u00e5r. G\u00e5 til varen, for flere billeder. (Reol 4).<\/p>\n","protected":false},"featured_media":47693,"template":"","meta":[],"product_brand":[],"product_cat":[538,133],"product_tag":[],"class_list":{"0":"post-47829","1":"product","2":"type-product","3":"status-publish","4":"has-post-thumbnail","6":"product_cat-floedekander","7":"product_cat-bestik","8":"product_shipping_class-mellem-pakke","10":"first","11":"instock","12":"sold-individually","13":"taxable","14":"shipping-taxable","15":"purchasable","16":"product-type-simple"},"_links":{"self":[{"href":"https:\/\/villumsenloppefund.dk\/index.php\/wp-json\/wp\/v2\/product\/47829","targetHints":{"allow":["GET"]}}],"collection":[{"href":"https:\/\/villumsenloppefund.dk\/index.php\/wp-json\/wp\/v2\/product"}],"about":[{"href":"https:\/\/villumsenloppefund.dk\/index.php\/wp-json\/wp\/v2\/types\/product"}],"wp:featuredmedia":[{"embeddable":true,"href":"https:\/\/villumsenloppefund.dk\/index.php\/wp-json\/wp\/v2\/media\/47693"}],"wp:attachment":[{"href":"https:\/\/villumsenloppefund.dk\/index.php\/wp-json\/wp\/v2\/media?parent=47829"}],"wp:term":[{"taxonomy":"product_brand","embeddable":true,"href":"https:\/\/villumsenloppefund.dk\/index.php\/wp-json\/wp\/v2\/product_brand?post=47829"},{"taxonomy":"product_cat","embeddable":true,"href":"https:\/\/villumsenloppefund.dk\/index.php\/wp-json\/wp\/v2\/product_cat?post=47829"},{"taxonomy":"product_tag","embeddable":true,"href":"https:\/\/villumsenloppefund.dk\/index.php\/wp-json\/wp\/v2\/product_tag?post=47829"}],"curies":[{"name":"wp","href":"https:\/\/api.w.org\/{rel}","templated":true}]}}