{"id":47852,"date":"2025-08-11T13:15:06","date_gmt":"2025-08-11T11:15:06","guid":{"rendered":"https:\/\/villumsenloppefund.dk\/?post_type=product&#038;p=47852"},"modified":"2025-08-11T13:15:06","modified_gmt":"2025-08-11T11:15:06","slug":"lysestage-saet-i-messing-2","status":"publish","type":"product","link":"https:\/\/villumsenloppefund.dk\/index.php\/product\/lysestage-saet-i-messing-2\/","title":{"rendered":"Lysestage s\u00e6t i messing"},"content":{"rendered":"<p>Lysestage s\u00e6t i messing.<\/p>\n<p>H 9 cm, B 13 cm.<\/p>\n<p>S\u00e6lges som s\u00e6t, g\u00e5 til varen, for flere billeder.<\/p>\n<p>(Reol 4).<\/p>\n","protected":false},"excerpt":{"rendered":"<p>Lysestage s\u00e6t i messing. H 9 cm, B 13 cm. S\u00e6lges som s\u00e6t, g\u00e5 til varen, for flere billeder. (Reol 4).<\/p>\n","protected":false},"featured_media":47714,"template":"","meta":[],"product_brand":[],"product_cat":[225,124],"product_tag":[],"class_list":{"0":"post-47852","1":"product","2":"type-product","3":"status-publish","4":"has-post-thumbnail","6":"product_cat-lysestager-nips-ting","7":"product_cat-nips-ting","8":"product_shipping_class-mellem-pakke","10":"first","11":"instock","12":"sold-individually","13":"taxable","14":"shipping-taxable","15":"purchasable","16":"product-type-simple"},"_links":{"self":[{"href":"https:\/\/villumsenloppefund.dk\/index.php\/wp-json\/wp\/v2\/product\/47852","targetHints":{"allow":["GET"]}}],"collection":[{"href":"https:\/\/villumsenloppefund.dk\/index.php\/wp-json\/wp\/v2\/product"}],"about":[{"href":"https:\/\/villumsenloppefund.dk\/index.php\/wp-json\/wp\/v2\/types\/product"}],"wp:featuredmedia":[{"embeddable":true,"href":"https:\/\/villumsenloppefund.dk\/index.php\/wp-json\/wp\/v2\/media\/47714"}],"wp:attachment":[{"href":"https:\/\/villumsenloppefund.dk\/index.php\/wp-json\/wp\/v2\/media?parent=47852"}],"wp:term":[{"taxonomy":"product_brand","embeddable":true,"href":"https:\/\/villumsenloppefund.dk\/index.php\/wp-json\/wp\/v2\/product_brand?post=47852"},{"taxonomy":"product_cat","embeddable":true,"href":"https:\/\/villumsenloppefund.dk\/index.php\/wp-json\/wp\/v2\/product_cat?post=47852"},{"taxonomy":"product_tag","embeddable":true,"href":"https:\/\/villumsenloppefund.dk\/index.php\/wp-json\/wp\/v2\/product_tag?post=47852"}],"curies":[{"name":"wp","href":"https:\/\/api.w.org\/{rel}","templated":true}]}}