{"id":47858,"date":"2025-08-11T13:31:18","date_gmt":"2025-08-11T11:31:18","guid":{"rendered":"https:\/\/villumsenloppefund.dk\/?post_type=product&#038;p=47858"},"modified":"2025-08-11T13:31:32","modified_gmt":"2025-08-11T11:31:32","slug":"floedekande-og-sukkerskaal-i-pletsoelv","status":"publish","type":"product","link":"https:\/\/villumsenloppefund.dk\/index.php\/product\/floedekande-og-sukkerskaal-i-pletsoelv\/","title":{"rendered":"Fl\u00f8dekande og sukkersk\u00e5l i plets\u00f8lv"},"content":{"rendered":"<p>Fl\u00f8dekande og sukkersk\u00e5l i plets\u00f8lv.<\/p>\n<p>Fl\u00f8dekande H 7 cm, B 9 cm.<\/p>\n<p>Sukkersk\u00e5l H 6 cm, B 13 cm.<\/p>\n<p>Flot og velholdt, s\u00e6lges som s\u00e6t. G\u00e5 til varen, for flere billeder.<\/p>\n<p>(Reol 4).<\/p>\n<p>&nbsp;<\/p>\n","protected":false},"excerpt":{"rendered":"<p>Fl\u00f8dekande og sukkersk\u00e5l i plets\u00f8lv. Fl\u00f8dekande H 7 cm, B 9 cm. Sukkersk\u00e5l H 6 cm, B 13 cm. Flot og velholdt, s\u00e6lges som s\u00e6t. G\u00e5 til varen, for flere billeder. (Reol 4). &nbsp;<\/p>\n","protected":false},"featured_media":47729,"template":"","meta":[],"product_brand":[],"product_cat":[292,133],"product_tag":[],"class_list":{"0":"post-47858","1":"product","2":"type-product","3":"status-publish","4":"has-post-thumbnail","6":"product_cat-diverse-pletsoelv","7":"product_cat-bestik","8":"product_shipping_class-mellem-pakke","10":"first","11":"instock","12":"sold-individually","13":"taxable","14":"shipping-taxable","15":"purchasable","16":"product-type-simple"},"_links":{"self":[{"href":"https:\/\/villumsenloppefund.dk\/index.php\/wp-json\/wp\/v2\/product\/47858","targetHints":{"allow":["GET"]}}],"collection":[{"href":"https:\/\/villumsenloppefund.dk\/index.php\/wp-json\/wp\/v2\/product"}],"about":[{"href":"https:\/\/villumsenloppefund.dk\/index.php\/wp-json\/wp\/v2\/types\/product"}],"wp:featuredmedia":[{"embeddable":true,"href":"https:\/\/villumsenloppefund.dk\/index.php\/wp-json\/wp\/v2\/media\/47729"}],"wp:attachment":[{"href":"https:\/\/villumsenloppefund.dk\/index.php\/wp-json\/wp\/v2\/media?parent=47858"}],"wp:term":[{"taxonomy":"product_brand","embeddable":true,"href":"https:\/\/villumsenloppefund.dk\/index.php\/wp-json\/wp\/v2\/product_brand?post=47858"},{"taxonomy":"product_cat","embeddable":true,"href":"https:\/\/villumsenloppefund.dk\/index.php\/wp-json\/wp\/v2\/product_cat?post=47858"},{"taxonomy":"product_tag","embeddable":true,"href":"https:\/\/villumsenloppefund.dk\/index.php\/wp-json\/wp\/v2\/product_tag?post=47858"}],"curies":[{"name":"wp","href":"https:\/\/api.w.org\/{rel}","templated":true}]}}