{"id":47867,"date":"2025-08-11T13:59:09","date_gmt":"2025-08-11T11:59:09","guid":{"rendered":"https:\/\/villumsenloppefund.dk\/?post_type=product&#038;p=47867"},"modified":"2025-08-11T13:59:09","modified_gmt":"2025-08-11T11:59:09","slug":"salt-peber-saet-i-teaktrae-og-staal","status":"publish","type":"product","link":"https:\/\/villumsenloppefund.dk\/index.php\/product\/salt-peber-saet-i-teaktrae-og-staal\/","title":{"rendered":"Salt\/peber s\u00e6t i teaktr\u00e6 og st\u00e5l"},"content":{"rendered":"<p>Salt\/peber s\u00e6t i teaktr\u00e6 og st\u00e5l.<\/p>\n<p>H 8,5 cm, B 3 cm.<\/p>\n<p>S\u00e6lges som s\u00e6t, g\u00e5 til varen, for flere billeder.<\/p>\n<p>(Reol 4).<\/p>\n","protected":false},"excerpt":{"rendered":"<p>Salt\/peber s\u00e6t i teaktr\u00e6 og st\u00e5l. H 8,5 cm, B 3 cm. S\u00e6lges som s\u00e6t, g\u00e5 til varen, for flere billeder. (Reol 4).<\/p>\n","protected":false},"featured_media":47757,"template":"","meta":[],"product_brand":[],"product_cat":[133,345],"product_tag":[],"class_list":{"0":"post-47867","1":"product","2":"type-product","3":"status-publish","4":"has-post-thumbnail","6":"product_cat-bestik","7":"product_cat-salt-peber-kvaerne","8":"product_shipping_class-mellem-pakke","10":"first","11":"instock","12":"sold-individually","13":"taxable","14":"shipping-taxable","15":"purchasable","16":"product-type-simple"},"_links":{"self":[{"href":"https:\/\/villumsenloppefund.dk\/index.php\/wp-json\/wp\/v2\/product\/47867","targetHints":{"allow":["GET"]}}],"collection":[{"href":"https:\/\/villumsenloppefund.dk\/index.php\/wp-json\/wp\/v2\/product"}],"about":[{"href":"https:\/\/villumsenloppefund.dk\/index.php\/wp-json\/wp\/v2\/types\/product"}],"wp:featuredmedia":[{"embeddable":true,"href":"https:\/\/villumsenloppefund.dk\/index.php\/wp-json\/wp\/v2\/media\/47757"}],"wp:attachment":[{"href":"https:\/\/villumsenloppefund.dk\/index.php\/wp-json\/wp\/v2\/media?parent=47867"}],"wp:term":[{"taxonomy":"product_brand","embeddable":true,"href":"https:\/\/villumsenloppefund.dk\/index.php\/wp-json\/wp\/v2\/product_brand?post=47867"},{"taxonomy":"product_cat","embeddable":true,"href":"https:\/\/villumsenloppefund.dk\/index.php\/wp-json\/wp\/v2\/product_cat?post=47867"},{"taxonomy":"product_tag","embeddable":true,"href":"https:\/\/villumsenloppefund.dk\/index.php\/wp-json\/wp\/v2\/product_tag?post=47867"}],"curies":[{"name":"wp","href":"https:\/\/api.w.org\/{rel}","templated":true}]}}