{"id":48079,"date":"2025-08-12T19:43:56","date_gmt":"2025-08-12T17:43:56","guid":{"rendered":"https:\/\/villumsenloppefund.dk\/?post_type=product&#038;p=48079"},"modified":"2025-08-12T19:43:56","modified_gmt":"2025-08-12T17:43:56","slug":"skaal-med-slibninger","status":"publish","type":"product","link":"https:\/\/villumsenloppefund.dk\/index.php\/product\/skaal-med-slibninger\/","title":{"rendered":"Sk\u00e5l med slibninger"},"content":{"rendered":"<p>Sk\u00e5l med slibninger.<\/p>\n<p>H 7 cm, Dia 11 cm.<\/p>\n<p>Flot og velholdt, uden sk\u00e5r. G\u00e5 til varen, for flere billeder.<\/p>\n<p>(Reol 4).<\/p>\n","protected":false},"excerpt":{"rendered":"<p>Sk\u00e5l med slibninger. H 7 cm, Dia 11 cm. Flot og velholdt, uden sk\u00e5r. G\u00e5 til varen, for flere billeder. (Reol 4).<\/p>\n","protected":false},"featured_media":47981,"template":"","meta":[],"product_brand":[],"product_cat":[348,136],"product_tag":[],"class_list":{"0":"post-48079","1":"product","2":"type-product","3":"status-publish","4":"has-post-thumbnail","6":"product_cat-glasskaale","7":"product_cat-skaale","8":"product_shipping_class-mellem-pakke","10":"first","11":"instock","12":"sold-individually","13":"taxable","14":"shipping-taxable","15":"purchasable","16":"product-type-simple"},"_links":{"self":[{"href":"https:\/\/villumsenloppefund.dk\/index.php\/wp-json\/wp\/v2\/product\/48079","targetHints":{"allow":["GET"]}}],"collection":[{"href":"https:\/\/villumsenloppefund.dk\/index.php\/wp-json\/wp\/v2\/product"}],"about":[{"href":"https:\/\/villumsenloppefund.dk\/index.php\/wp-json\/wp\/v2\/types\/product"}],"wp:featuredmedia":[{"embeddable":true,"href":"https:\/\/villumsenloppefund.dk\/index.php\/wp-json\/wp\/v2\/media\/47981"}],"wp:attachment":[{"href":"https:\/\/villumsenloppefund.dk\/index.php\/wp-json\/wp\/v2\/media?parent=48079"}],"wp:term":[{"taxonomy":"product_brand","embeddable":true,"href":"https:\/\/villumsenloppefund.dk\/index.php\/wp-json\/wp\/v2\/product_brand?post=48079"},{"taxonomy":"product_cat","embeddable":true,"href":"https:\/\/villumsenloppefund.dk\/index.php\/wp-json\/wp\/v2\/product_cat?post=48079"},{"taxonomy":"product_tag","embeddable":true,"href":"https:\/\/villumsenloppefund.dk\/index.php\/wp-json\/wp\/v2\/product_tag?post=48079"}],"curies":[{"name":"wp","href":"https:\/\/api.w.org\/{rel}","templated":true}]}}