{"id":48672,"date":"2025-08-20T10:59:59","date_gmt":"2025-08-20T08:59:59","guid":{"rendered":"https:\/\/villumsenloppefund.dk\/?post_type=product&#038;p=48672"},"modified":"2025-09-09T11:16:53","modified_gmt":"2025-09-09T09:16:53","slug":"vintage-skilt-i-trae","status":"publish","type":"product","link":"https:\/\/villumsenloppefund.dk\/index.php\/product\/vintage-skilt-i-trae\/","title":{"rendered":"Vintage skilt i tr\u00e6"},"content":{"rendered":"<p>Vintage skilt i tr\u00e6.<\/p>\n<p>H 12 cm, B 35 cm.<\/p>\n<p>Fremst\u00e5r med brugsspor, g\u00e5 til varen, for flere billeder.<\/p>\n<p>(Reol 14).<\/p>\n","protected":false},"excerpt":{"rendered":"<p>Vintage skilt i tr\u00e6. H 12 cm, B 35 cm. Fremst\u00e5r med brugsspor, g\u00e5 til varen, for flere billeder. (Reol 14).<\/p>\n","protected":false},"featured_media":48596,"template":"","meta":[],"product_brand":[],"product_cat":[115,239],"product_tag":[],"class_list":{"0":"post-48672","1":"product","2":"type-product","3":"status-publish","4":"has-post-thumbnail","6":"product_cat-moebler","7":"product_cat-skilte","8":"product_shipping_class-mellem-pakke","10":"first","11":"instock","12":"sold-individually","13":"taxable","14":"shipping-taxable","15":"purchasable","16":"product-type-simple"},"_links":{"self":[{"href":"https:\/\/villumsenloppefund.dk\/index.php\/wp-json\/wp\/v2\/product\/48672","targetHints":{"allow":["GET"]}}],"collection":[{"href":"https:\/\/villumsenloppefund.dk\/index.php\/wp-json\/wp\/v2\/product"}],"about":[{"href":"https:\/\/villumsenloppefund.dk\/index.php\/wp-json\/wp\/v2\/types\/product"}],"wp:featuredmedia":[{"embeddable":true,"href":"https:\/\/villumsenloppefund.dk\/index.php\/wp-json\/wp\/v2\/media\/48596"}],"wp:attachment":[{"href":"https:\/\/villumsenloppefund.dk\/index.php\/wp-json\/wp\/v2\/media?parent=48672"}],"wp:term":[{"taxonomy":"product_brand","embeddable":true,"href":"https:\/\/villumsenloppefund.dk\/index.php\/wp-json\/wp\/v2\/product_brand?post=48672"},{"taxonomy":"product_cat","embeddable":true,"href":"https:\/\/villumsenloppefund.dk\/index.php\/wp-json\/wp\/v2\/product_cat?post=48672"},{"taxonomy":"product_tag","embeddable":true,"href":"https:\/\/villumsenloppefund.dk\/index.php\/wp-json\/wp\/v2\/product_tag?post=48672"}],"curies":[{"name":"wp","href":"https:\/\/api.w.org\/{rel}","templated":true}]}}