{"id":49333,"date":"2025-08-28T11:42:53","date_gmt":"2025-08-28T09:42:53","guid":{"rendered":"https:\/\/villumsenloppefund.dk\/?post_type=product&#038;p=49333"},"modified":"2025-08-28T11:42:54","modified_gmt":"2025-08-28T09:42:54","slug":"2-stk-vintage-figurer","status":"publish","type":"product","link":"https:\/\/villumsenloppefund.dk\/index.php\/product\/2-stk-vintage-figurer\/","title":{"rendered":"2 stk vintage figurer"},"content":{"rendered":"<p>2 stk vintage figurer i porcel\u00e6n.<\/p>\n<p>H 13 cm.<\/p>\n<p>S\u00e6lges samlet, begge velholdte, uden sk\u00e5r. G\u00e5 til varen, for flere billeder.<\/p>\n","protected":false},"excerpt":{"rendered":"<p>2 stk vintage figurer i porcel\u00e6n. H 13 cm. S\u00e6lges samlet, begge velholdte, uden sk\u00e5r. G\u00e5 til varen, for flere billeder.<\/p>\n","protected":false},"featured_media":49000,"template":"","meta":[],"product_brand":[],"product_cat":[241,173],"product_tag":[],"class_list":{"0":"post-49333","1":"product","2":"type-product","3":"status-publish","4":"has-post-thumbnail","6":"product_cat-diverse-figurer","7":"product_cat-figurer","8":"product_shipping_class-mellem-pakke","10":"first","11":"instock","12":"sold-individually","13":"taxable","14":"shipping-taxable","15":"purchasable","16":"product-type-simple"},"_links":{"self":[{"href":"https:\/\/villumsenloppefund.dk\/index.php\/wp-json\/wp\/v2\/product\/49333","targetHints":{"allow":["GET"]}}],"collection":[{"href":"https:\/\/villumsenloppefund.dk\/index.php\/wp-json\/wp\/v2\/product"}],"about":[{"href":"https:\/\/villumsenloppefund.dk\/index.php\/wp-json\/wp\/v2\/types\/product"}],"wp:featuredmedia":[{"embeddable":true,"href":"https:\/\/villumsenloppefund.dk\/index.php\/wp-json\/wp\/v2\/media\/49000"}],"wp:attachment":[{"href":"https:\/\/villumsenloppefund.dk\/index.php\/wp-json\/wp\/v2\/media?parent=49333"}],"wp:term":[{"taxonomy":"product_brand","embeddable":true,"href":"https:\/\/villumsenloppefund.dk\/index.php\/wp-json\/wp\/v2\/product_brand?post=49333"},{"taxonomy":"product_cat","embeddable":true,"href":"https:\/\/villumsenloppefund.dk\/index.php\/wp-json\/wp\/v2\/product_cat?post=49333"},{"taxonomy":"product_tag","embeddable":true,"href":"https:\/\/villumsenloppefund.dk\/index.php\/wp-json\/wp\/v2\/product_tag?post=49333"}],"curies":[{"name":"wp","href":"https:\/\/api.w.org\/{rel}","templated":true}]}}