{"id":49344,"date":"2025-08-28T12:09:52","date_gmt":"2025-08-28T10:09:52","guid":{"rendered":"https:\/\/villumsenloppefund.dk\/?post_type=product&#038;p=49344"},"modified":"2025-08-28T12:09:52","modified_gmt":"2025-08-28T10:09:52","slug":"vintage-floedekande-i-glas","status":"publish","type":"product","link":"https:\/\/villumsenloppefund.dk\/index.php\/product\/vintage-floedekande-i-glas\/","title":{"rendered":"Vintage fl\u00f8dekande i glas"},"content":{"rendered":"<p>Vintage fl\u00f8dekande i glas.<\/p>\n<p>H 10 cm, B 11 cm, D 7 cm.<\/p>\n<p>Flot og velholdt, uden sk\u00e5r. G\u00e5 til varen, for flere billeder.<\/p>\n","protected":false},"excerpt":{"rendered":"<p>Vintage fl\u00f8dekande i glas. H 10 cm, B 11 cm, D 7 cm. Flot og velholdt, uden sk\u00e5r. G\u00e5 til varen, for flere billeder.<\/p>\n","protected":false},"featured_media":49034,"template":"","meta":[],"product_brand":[],"product_cat":[538,133],"product_tag":[],"class_list":{"0":"post-49344","1":"product","2":"type-product","3":"status-publish","4":"has-post-thumbnail","6":"product_cat-floedekander","7":"product_cat-bestik","8":"product_shipping_class-mellem-pakke","10":"first","11":"instock","12":"sold-individually","13":"taxable","14":"shipping-taxable","15":"purchasable","16":"product-type-simple"},"_links":{"self":[{"href":"https:\/\/villumsenloppefund.dk\/index.php\/wp-json\/wp\/v2\/product\/49344","targetHints":{"allow":["GET"]}}],"collection":[{"href":"https:\/\/villumsenloppefund.dk\/index.php\/wp-json\/wp\/v2\/product"}],"about":[{"href":"https:\/\/villumsenloppefund.dk\/index.php\/wp-json\/wp\/v2\/types\/product"}],"wp:featuredmedia":[{"embeddable":true,"href":"https:\/\/villumsenloppefund.dk\/index.php\/wp-json\/wp\/v2\/media\/49034"}],"wp:attachment":[{"href":"https:\/\/villumsenloppefund.dk\/index.php\/wp-json\/wp\/v2\/media?parent=49344"}],"wp:term":[{"taxonomy":"product_brand","embeddable":true,"href":"https:\/\/villumsenloppefund.dk\/index.php\/wp-json\/wp\/v2\/product_brand?post=49344"},{"taxonomy":"product_cat","embeddable":true,"href":"https:\/\/villumsenloppefund.dk\/index.php\/wp-json\/wp\/v2\/product_cat?post=49344"},{"taxonomy":"product_tag","embeddable":true,"href":"https:\/\/villumsenloppefund.dk\/index.php\/wp-json\/wp\/v2\/product_tag?post=49344"}],"curies":[{"name":"wp","href":"https:\/\/api.w.org\/{rel}","templated":true}]}}