{"id":50419,"date":"2025-09-17T12:47:37","date_gmt":"2025-09-17T10:47:37","guid":{"rendered":"https:\/\/villumsenloppefund.dk\/?post_type=product&#038;p=50419"},"modified":"2025-09-17T12:47:37","modified_gmt":"2025-09-17T10:47:37","slug":"11-stk-blandet-glas-dyr","status":"publish","type":"product","link":"https:\/\/villumsenloppefund.dk\/index.php\/product\/11-stk-blandet-glas-dyr\/","title":{"rendered":"11 stk blandet glas dyr"},"content":{"rendered":"<p>11 stk blandet glas dyr.<\/p>\n<p>M\u00e5l fra 3 &#8211; 5 cm.<\/p>\n<p>S\u00e6lges samlet, g\u00e5 til varen, for flere billeder.<\/p>\n","protected":false},"excerpt":{"rendered":"<p>11 stk blandet glas dyr. M\u00e5l fra 3 &#8211; 5 cm. S\u00e6lges samlet, g\u00e5 til varen, for flere billeder.<\/p>\n","protected":false},"featured_media":50387,"template":"","meta":[],"product_brand":[],"product_cat":[173,256],"product_tag":[],"class_list":{"0":"post-50419","1":"product","2":"type-product","3":"status-publish","4":"has-post-thumbnail","6":"product_cat-figurer","7":"product_cat-glas-figurer","8":"product_shipping_class-mellem-pakke","10":"first","11":"instock","12":"sold-individually","13":"taxable","14":"shipping-taxable","15":"purchasable","16":"product-type-simple"},"_links":{"self":[{"href":"https:\/\/villumsenloppefund.dk\/index.php\/wp-json\/wp\/v2\/product\/50419","targetHints":{"allow":["GET"]}}],"collection":[{"href":"https:\/\/villumsenloppefund.dk\/index.php\/wp-json\/wp\/v2\/product"}],"about":[{"href":"https:\/\/villumsenloppefund.dk\/index.php\/wp-json\/wp\/v2\/types\/product"}],"wp:featuredmedia":[{"embeddable":true,"href":"https:\/\/villumsenloppefund.dk\/index.php\/wp-json\/wp\/v2\/media\/50387"}],"wp:attachment":[{"href":"https:\/\/villumsenloppefund.dk\/index.php\/wp-json\/wp\/v2\/media?parent=50419"}],"wp:term":[{"taxonomy":"product_brand","embeddable":true,"href":"https:\/\/villumsenloppefund.dk\/index.php\/wp-json\/wp\/v2\/product_brand?post=50419"},{"taxonomy":"product_cat","embeddable":true,"href":"https:\/\/villumsenloppefund.dk\/index.php\/wp-json\/wp\/v2\/product_cat?post=50419"},{"taxonomy":"product_tag","embeddable":true,"href":"https:\/\/villumsenloppefund.dk\/index.php\/wp-json\/wp\/v2\/product_tag?post=50419"}],"curies":[{"name":"wp","href":"https:\/\/api.w.org\/{rel}","templated":true}]}}