{"id":51114,"date":"2025-09-30T17:47:01","date_gmt":"2025-09-30T15:47:01","guid":{"rendered":"https:\/\/villumsenloppefund.dk\/?post_type=product&#038;p=51114"},"modified":"2025-09-30T17:47:01","modified_gmt":"2025-09-30T15:47:01","slug":"la-fontaine-fabler-johannes-moellehave","status":"publish","type":"product","link":"https:\/\/villumsenloppefund.dk\/index.php\/product\/la-fontaine-fabler-johannes-moellehave\/","title":{"rendered":"La Fontaine Fabler &#8211; Johannes M\u00f8llehave\u00a0\u00a0"},"content":{"rendered":"<p>La Fontaine Fabler &#8211; Johannes M\u00f8llehave<\/p>\n<p>Fremst\u00e5r med brugsspor, g\u00e5 til varen for flere billeder<\/p>\n<p>(Gul bog 63)<\/p>\n","protected":false},"excerpt":{"rendered":"<p>La Fontaine Fabler &#8211; Johannes M\u00f8llehave Fremst\u00e5r med brugsspor, g\u00e5 til varen for flere billeder (Gul bog 63)<\/p>\n","protected":false},"featured_media":51041,"template":"","meta":[],"product_brand":[],"product_cat":[228,229],"product_tag":[],"class_list":{"0":"post-51114","1":"product","2":"type-product","3":"status-publish","4":"has-post-thumbnail","6":"product_cat-boeger","7":"product_cat-boeger-boeger","8":"product_shipping_class-mellem-pakke","10":"first","11":"instock","12":"sold-individually","13":"taxable","14":"shipping-taxable","15":"purchasable","16":"product-type-simple"},"_links":{"self":[{"href":"https:\/\/villumsenloppefund.dk\/index.php\/wp-json\/wp\/v2\/product\/51114","targetHints":{"allow":["GET"]}}],"collection":[{"href":"https:\/\/villumsenloppefund.dk\/index.php\/wp-json\/wp\/v2\/product"}],"about":[{"href":"https:\/\/villumsenloppefund.dk\/index.php\/wp-json\/wp\/v2\/types\/product"}],"wp:featuredmedia":[{"embeddable":true,"href":"https:\/\/villumsenloppefund.dk\/index.php\/wp-json\/wp\/v2\/media\/51041"}],"wp:attachment":[{"href":"https:\/\/villumsenloppefund.dk\/index.php\/wp-json\/wp\/v2\/media?parent=51114"}],"wp:term":[{"taxonomy":"product_brand","embeddable":true,"href":"https:\/\/villumsenloppefund.dk\/index.php\/wp-json\/wp\/v2\/product_brand?post=51114"},{"taxonomy":"product_cat","embeddable":true,"href":"https:\/\/villumsenloppefund.dk\/index.php\/wp-json\/wp\/v2\/product_cat?post=51114"},{"taxonomy":"product_tag","embeddable":true,"href":"https:\/\/villumsenloppefund.dk\/index.php\/wp-json\/wp\/v2\/product_tag?post=51114"}],"curies":[{"name":"wp","href":"https:\/\/api.w.org\/{rel}","templated":true}]}}