{"id":5228,"date":"2023-11-30T17:43:46","date_gmt":"2023-11-30T16:43:46","guid":{"rendered":"https:\/\/villumsenloppefund.dk\/?post_type=product&#038;p=5228"},"modified":"2025-02-12T11:18:47","modified_gmt":"2025-02-12T10:18:47","slug":"musselmalet-terrin","status":"publish","type":"product","link":"https:\/\/villumsenloppefund.dk\/index.php\/product\/musselmalet-terrin\/","title":{"rendered":"Musselmalet terrin"},"content":{"rendered":"<p>Musselmalet terrin.<\/p>\n<p>H 20 cm, B 33 cm, D 24 cm.<\/p>\n<p>Uden sk\u00e5r.<\/p>\n<p>Terrin 2. sortering, l\u00e5g 3. sortering.<\/p>\n<p>2. sortering ses ved sort i bunden.<\/p>\n<p>3. sortering i l\u00e5get, se billeder.<\/p>\n<p>Nr. 1\/124.<\/p>\n","protected":false},"excerpt":{"rendered":"<p>Musselmalet terrin. H 20 cm, B 33 cm, D 24 cm. Uden sk\u00e5r. Terrin 2. sortering, l\u00e5g 3. sortering. 2. sortering ses ved sort i bunden. 3. sortering i l\u00e5get, se billeder. Nr. 1\/124.<\/p>\n","protected":false},"featured_media":5124,"template":"","meta":[],"product_brand":[],"product_cat":[278,157],"product_tag":[],"class_list":{"0":"post-5228","1":"product","2":"type-product","3":"status-publish","4":"has-post-thumbnail","6":"product_cat-musselmalet","7":"product_cat-tallerkenstel","8":"product_shipping_class-mellem-pakke","10":"first","11":"instock","12":"sale","13":"sold-individually","14":"taxable","15":"shipping-taxable","16":"purchasable","17":"product-type-simple"},"_links":{"self":[{"href":"https:\/\/villumsenloppefund.dk\/index.php\/wp-json\/wp\/v2\/product\/5228","targetHints":{"allow":["GET"]}}],"collection":[{"href":"https:\/\/villumsenloppefund.dk\/index.php\/wp-json\/wp\/v2\/product"}],"about":[{"href":"https:\/\/villumsenloppefund.dk\/index.php\/wp-json\/wp\/v2\/types\/product"}],"wp:featuredmedia":[{"embeddable":true,"href":"https:\/\/villumsenloppefund.dk\/index.php\/wp-json\/wp\/v2\/media\/5124"}],"wp:attachment":[{"href":"https:\/\/villumsenloppefund.dk\/index.php\/wp-json\/wp\/v2\/media?parent=5228"}],"wp:term":[{"taxonomy":"product_brand","embeddable":true,"href":"https:\/\/villumsenloppefund.dk\/index.php\/wp-json\/wp\/v2\/product_brand?post=5228"},{"taxonomy":"product_cat","embeddable":true,"href":"https:\/\/villumsenloppefund.dk\/index.php\/wp-json\/wp\/v2\/product_cat?post=5228"},{"taxonomy":"product_tag","embeddable":true,"href":"https:\/\/villumsenloppefund.dk\/index.php\/wp-json\/wp\/v2\/product_tag?post=5228"}],"curies":[{"name":"wp","href":"https:\/\/api.w.org\/{rel}","templated":true}]}}