{"id":52491,"date":"2025-11-14T13:54:31","date_gmt":"2025-11-14T12:54:31","guid":{"rendered":"https:\/\/villumsenloppefund.dk\/?post_type=product&#038;p=52491"},"modified":"2025-11-14T13:54:31","modified_gmt":"2025-11-14T12:54:31","slug":"5-smaa-vintage-skaale","status":"publish","type":"product","link":"https:\/\/villumsenloppefund.dk\/index.php\/product\/5-smaa-vintage-skaale\/","title":{"rendered":"5 sm\u00e5 vintage sk\u00e5le"},"content":{"rendered":"<p>5 sm\u00e5 vintage sk\u00e5le i bl\u00e5t glas.<\/p>\n<p>H 2 cm, Dia 8 cm.<\/p>\n<p>Har lidt sm\u00e5 nag p\u00e5 kanten, g\u00e5 til varen, for flere billeder. S\u00e6lges samlet.<\/p>\n<p>(Reol 12).<\/p>\n","protected":false},"excerpt":{"rendered":"<p>5 sm\u00e5 vintage sk\u00e5le i bl\u00e5t glas. H 2 cm, Dia 8 cm. Har lidt sm\u00e5 nag p\u00e5 kanten, g\u00e5 til varen, for flere billeder. S\u00e6lges samlet. (Reol 12).<\/p>\n","protected":false},"featured_media":52397,"template":"","meta":[],"product_brand":[],"product_cat":[144,136],"product_tag":[],"class_list":{"0":"post-52491","1":"product","2":"type-product","3":"status-publish","4":"has-post-thumbnail","6":"product_cat-skaale-skaale","7":"product_cat-skaale","8":"product_shipping_class-mellem-pakke","10":"first","11":"instock","12":"taxable","13":"shipping-taxable","14":"purchasable","15":"product-type-simple"},"_links":{"self":[{"href":"https:\/\/villumsenloppefund.dk\/index.php\/wp-json\/wp\/v2\/product\/52491","targetHints":{"allow":["GET"]}}],"collection":[{"href":"https:\/\/villumsenloppefund.dk\/index.php\/wp-json\/wp\/v2\/product"}],"about":[{"href":"https:\/\/villumsenloppefund.dk\/index.php\/wp-json\/wp\/v2\/types\/product"}],"wp:featuredmedia":[{"embeddable":true,"href":"https:\/\/villumsenloppefund.dk\/index.php\/wp-json\/wp\/v2\/media\/52397"}],"wp:attachment":[{"href":"https:\/\/villumsenloppefund.dk\/index.php\/wp-json\/wp\/v2\/media?parent=52491"}],"wp:term":[{"taxonomy":"product_brand","embeddable":true,"href":"https:\/\/villumsenloppefund.dk\/index.php\/wp-json\/wp\/v2\/product_brand?post=52491"},{"taxonomy":"product_cat","embeddable":true,"href":"https:\/\/villumsenloppefund.dk\/index.php\/wp-json\/wp\/v2\/product_cat?post=52491"},{"taxonomy":"product_tag","embeddable":true,"href":"https:\/\/villumsenloppefund.dk\/index.php\/wp-json\/wp\/v2\/product_tag?post=52491"}],"curies":[{"name":"wp","href":"https:\/\/api.w.org\/{rel}","templated":true}]}}