{"id":53433,"date":"2025-11-21T16:58:34","date_gmt":"2025-11-21T15:58:34","guid":{"rendered":"https:\/\/villumsenloppefund.dk\/?post_type=product&#038;p=53433"},"modified":"2025-11-21T16:58:35","modified_gmt":"2025-11-21T15:58:35","slug":"taxa-alle-56-afsnit-14-dvder","status":"publish","type":"product","link":"https:\/\/villumsenloppefund.dk\/index.php\/product\/taxa-alle-56-afsnit-14-dvder\/","title":{"rendered":"Taxa: Alle 56 afsnit &#8211; 14 DVD&#8217;er"},"content":{"rendered":"<p>10 Morten Korch klassikere box &#8211; 9 DVD film, mangler en film<br \/>\n(Mangler Kampen om N\u00e6sbyg\u00e5rd)<\/p>\n<p>(R\u00f8d DVD 7)<\/p>\n","protected":false},"excerpt":{"rendered":"<p>10 Morten Korch klassikere box &#8211; 9 DVD film, mangler en film (Mangler Kampen om N\u00e6sbyg\u00e5rd) (R\u00f8d DVD 7)<\/p>\n","protected":false},"featured_media":53287,"template":"","meta":[],"product_brand":[],"product_cat":[306,305],"product_tag":[],"class_list":{"0":"post-53433","1":"product","2":"type-product","3":"status-publish","4":"has-post-thumbnail","6":"product_cat-dvd-film-dvd-film","7":"product_cat-dvd-film","8":"product_shipping_class-mellem-pakke","10":"first","11":"instock","12":"sold-individually","13":"taxable","14":"shipping-taxable","15":"purchasable","16":"product-type-simple"},"_links":{"self":[{"href":"https:\/\/villumsenloppefund.dk\/index.php\/wp-json\/wp\/v2\/product\/53433","targetHints":{"allow":["GET"]}}],"collection":[{"href":"https:\/\/villumsenloppefund.dk\/index.php\/wp-json\/wp\/v2\/product"}],"about":[{"href":"https:\/\/villumsenloppefund.dk\/index.php\/wp-json\/wp\/v2\/types\/product"}],"wp:featuredmedia":[{"embeddable":true,"href":"https:\/\/villumsenloppefund.dk\/index.php\/wp-json\/wp\/v2\/media\/53287"}],"wp:attachment":[{"href":"https:\/\/villumsenloppefund.dk\/index.php\/wp-json\/wp\/v2\/media?parent=53433"}],"wp:term":[{"taxonomy":"product_brand","embeddable":true,"href":"https:\/\/villumsenloppefund.dk\/index.php\/wp-json\/wp\/v2\/product_brand?post=53433"},{"taxonomy":"product_cat","embeddable":true,"href":"https:\/\/villumsenloppefund.dk\/index.php\/wp-json\/wp\/v2\/product_cat?post=53433"},{"taxonomy":"product_tag","embeddable":true,"href":"https:\/\/villumsenloppefund.dk\/index.php\/wp-json\/wp\/v2\/product_tag?post=53433"}],"curies":[{"name":"wp","href":"https:\/\/api.w.org\/{rel}","templated":true}]}}