{"id":53668,"date":"2025-11-25T10:35:20","date_gmt":"2025-11-25T09:35:20","guid":{"rendered":"https:\/\/villumsenloppefund.dk\/?post_type=product&#038;p=53668"},"modified":"2025-11-25T10:35:20","modified_gmt":"2025-11-25T09:35:20","slug":"2-stk-vintage-askebaegre","status":"publish","type":"product","link":"https:\/\/villumsenloppefund.dk\/index.php\/product\/2-stk-vintage-askebaegre\/","title":{"rendered":"2 stk vintage askeb\u00e6gre"},"content":{"rendered":"<p>2 stk vintage askeb\u00e6gre i glas med forskellige slibninger.<\/p>\n<p>H 4,5 cm, Dia 14 cm.<\/p>\n<p>Begge velholdte, uden sk\u00e5r. S\u00e6lges samlet. G\u00e5 til varen, for flere billeder.<\/p>\n<p>(Reol 15).<\/p>\n","protected":false},"excerpt":{"rendered":"<p>2 stk vintage askeb\u00e6gre i glas med forskellige slibninger. H 4,5 cm, Dia 14 cm. Begge velholdte, uden sk\u00e5r. S\u00e6lges samlet. G\u00e5 til varen, for flere billeder. (Reol 15).<\/p>\n","protected":false},"featured_media":52949,"template":"","meta":[],"product_brand":[],"product_cat":[438,124],"product_tag":[],"class_list":{"0":"post-53668","1":"product","2":"type-product","3":"status-publish","4":"has-post-thumbnail","6":"product_cat-askebaeger","7":"product_cat-nips-ting","8":"product_shipping_class-mellem-pakke","10":"first","11":"instock","12":"sold-individually","13":"taxable","14":"shipping-taxable","15":"purchasable","16":"product-type-simple"},"_links":{"self":[{"href":"https:\/\/villumsenloppefund.dk\/index.php\/wp-json\/wp\/v2\/product\/53668","targetHints":{"allow":["GET"]}}],"collection":[{"href":"https:\/\/villumsenloppefund.dk\/index.php\/wp-json\/wp\/v2\/product"}],"about":[{"href":"https:\/\/villumsenloppefund.dk\/index.php\/wp-json\/wp\/v2\/types\/product"}],"wp:featuredmedia":[{"embeddable":true,"href":"https:\/\/villumsenloppefund.dk\/index.php\/wp-json\/wp\/v2\/media\/52949"}],"wp:attachment":[{"href":"https:\/\/villumsenloppefund.dk\/index.php\/wp-json\/wp\/v2\/media?parent=53668"}],"wp:term":[{"taxonomy":"product_brand","embeddable":true,"href":"https:\/\/villumsenloppefund.dk\/index.php\/wp-json\/wp\/v2\/product_brand?post=53668"},{"taxonomy":"product_cat","embeddable":true,"href":"https:\/\/villumsenloppefund.dk\/index.php\/wp-json\/wp\/v2\/product_cat?post=53668"},{"taxonomy":"product_tag","embeddable":true,"href":"https:\/\/villumsenloppefund.dk\/index.php\/wp-json\/wp\/v2\/product_tag?post=53668"}],"curies":[{"name":"wp","href":"https:\/\/api.w.org\/{rel}","templated":true}]}}