{"id":54097,"date":"2025-12-09T10:40:36","date_gmt":"2025-12-09T09:40:36","guid":{"rendered":"https:\/\/villumsenloppefund.dk\/?post_type=product&#038;p=54097"},"modified":"2025-12-09T10:40:36","modified_gmt":"2025-12-09T09:40:36","slug":"trae-legetoej-fra-hanse","status":"publish","type":"product","link":"https:\/\/villumsenloppefund.dk\/index.php\/product\/trae-legetoej-fra-hanse\/","title":{"rendered":"Tr\u00e6 leget\u00f8j fra Hanse"},"content":{"rendered":"<p>Tr\u00e6 tog fra Hanse.<\/p>\n<p>H 7 cm, B 24 cm.<\/p>\n<p>Vogn H 5 cm, B 20 cm, D 6 cm.<\/p>\n<p>G\u00e5 til varen, for flere billeder.<\/p>\n<p>(Reol 12).<\/p>\n<p>&nbsp;<\/p>\n","protected":false},"excerpt":{"rendered":"<p>Tr\u00e6 tog fra Hanse. H 7 cm, B 24 cm. Vogn H 5 cm, B 20 cm, D 6 cm. G\u00e5 til varen, for flere billeder. (Reol 12). &nbsp;<\/p>\n","protected":false},"featured_media":53755,"template":"","meta":[],"product_brand":[],"product_cat":[350,178],"product_tag":[],"class_list":{"0":"post-54097","1":"product","2":"type-product","3":"status-publish","4":"has-post-thumbnail","6":"product_cat-gammelt-legetoej-legetoej","7":"product_cat-legetoej","8":"product_shipping_class-mellem-pakke","10":"first","11":"instock","12":"sold-individually","13":"taxable","14":"shipping-taxable","15":"purchasable","16":"product-type-simple"},"_links":{"self":[{"href":"https:\/\/villumsenloppefund.dk\/index.php\/wp-json\/wp\/v2\/product\/54097","targetHints":{"allow":["GET"]}}],"collection":[{"href":"https:\/\/villumsenloppefund.dk\/index.php\/wp-json\/wp\/v2\/product"}],"about":[{"href":"https:\/\/villumsenloppefund.dk\/index.php\/wp-json\/wp\/v2\/types\/product"}],"wp:featuredmedia":[{"embeddable":true,"href":"https:\/\/villumsenloppefund.dk\/index.php\/wp-json\/wp\/v2\/media\/53755"}],"wp:attachment":[{"href":"https:\/\/villumsenloppefund.dk\/index.php\/wp-json\/wp\/v2\/media?parent=54097"}],"wp:term":[{"taxonomy":"product_brand","embeddable":true,"href":"https:\/\/villumsenloppefund.dk\/index.php\/wp-json\/wp\/v2\/product_brand?post=54097"},{"taxonomy":"product_cat","embeddable":true,"href":"https:\/\/villumsenloppefund.dk\/index.php\/wp-json\/wp\/v2\/product_cat?post=54097"},{"taxonomy":"product_tag","embeddable":true,"href":"https:\/\/villumsenloppefund.dk\/index.php\/wp-json\/wp\/v2\/product_tag?post=54097"}],"curies":[{"name":"wp","href":"https:\/\/api.w.org\/{rel}","templated":true}]}}