{"id":54716,"date":"2025-12-28T18:41:41","date_gmt":"2025-12-28T17:41:41","guid":{"rendered":"https:\/\/villumsenloppefund.dk\/?post_type=product&#038;p=54716"},"modified":"2025-12-28T18:41:42","modified_gmt":"2025-12-28T17:41:42","slug":"skaal-i-keramik-fra-kahler","status":"publish","type":"product","link":"https:\/\/villumsenloppefund.dk\/index.php\/product\/skaal-i-keramik-fra-kahler\/","title":{"rendered":"Sk\u00e5l i keramik fra K\u00e4hler"},"content":{"rendered":"<p>Sk\u00e5l i keramik fra K\u00e4hler.<\/p>\n<p>H 4 cm, Dia 21 cm.<\/p>\n<p>Flot og velholdt, uden sk\u00e5r. G\u00e5 til varen, for flere billeder.<\/p>\n<p>(Reol 15).<\/p>\n","protected":false},"excerpt":{"rendered":"<p>Sk\u00e5l i keramik fra K\u00e4hler. H 4 cm, Dia 21 cm. Flot og velholdt, uden sk\u00e5r. G\u00e5 til varen, for flere billeder. (Reol 15).<\/p>\n","protected":false},"featured_media":54579,"template":"","meta":[],"product_brand":[],"product_cat":[144,136],"product_tag":[],"class_list":{"0":"post-54716","1":"product","2":"type-product","3":"status-publish","4":"has-post-thumbnail","6":"product_cat-skaale-skaale","7":"product_cat-skaale","8":"product_shipping_class-mellem-pakke","10":"first","11":"instock","12":"sold-individually","13":"taxable","14":"shipping-taxable","15":"purchasable","16":"product-type-simple"},"_links":{"self":[{"href":"https:\/\/villumsenloppefund.dk\/index.php\/wp-json\/wp\/v2\/product\/54716","targetHints":{"allow":["GET"]}}],"collection":[{"href":"https:\/\/villumsenloppefund.dk\/index.php\/wp-json\/wp\/v2\/product"}],"about":[{"href":"https:\/\/villumsenloppefund.dk\/index.php\/wp-json\/wp\/v2\/types\/product"}],"wp:featuredmedia":[{"embeddable":true,"href":"https:\/\/villumsenloppefund.dk\/index.php\/wp-json\/wp\/v2\/media\/54579"}],"wp:attachment":[{"href":"https:\/\/villumsenloppefund.dk\/index.php\/wp-json\/wp\/v2\/media?parent=54716"}],"wp:term":[{"taxonomy":"product_brand","embeddable":true,"href":"https:\/\/villumsenloppefund.dk\/index.php\/wp-json\/wp\/v2\/product_brand?post=54716"},{"taxonomy":"product_cat","embeddable":true,"href":"https:\/\/villumsenloppefund.dk\/index.php\/wp-json\/wp\/v2\/product_cat?post=54716"},{"taxonomy":"product_tag","embeddable":true,"href":"https:\/\/villumsenloppefund.dk\/index.php\/wp-json\/wp\/v2\/product_tag?post=54716"}],"curies":[{"name":"wp","href":"https:\/\/api.w.org\/{rel}","templated":true}]}}